{"id":1305,"date":"2014-03-25T12:13:28","date_gmt":"2014-03-25T10:13:28","guid":{"rendered":"http:\/\/lumikukka.de\/?page_id=1305"},"modified":"2014-06-24T05:34:29","modified_gmt":"2014-06-24T03:34:29","slug":"rheinsteig-von-kaub-zur-loreley","status":"publish","type":"page","link":"http:\/\/lumikukka.de\/?page_id=1305","title":{"rendered":"Rheinsteig von Kaub zur Loreley"},"content":{"rendered":"<p>Am ersten wirklich tollen Wochenende des neuen Jahres zieht es uns mal wieder in die Natur. Der Fu\u00df ist halbwegs verheilt und muss &#8211; gerade in Anbetracht unserer geplanten Wanderung auf den Mt. Whitney &#8211; mal wieder gefordert werden.<\/p>\n<p>Wir entscheiden uns f\u00fcr eine Rheinsteigetappe und starten in dem kleinen beschaulichen \u00d6rtchen Kaub. Der Weg f\u00fchrt uns \u00fcber Wiesen, durch W\u00e4lder und immer mal wieder hoch oben am Rhein entlang. Es ist zwar ein wenig diesig, aber die Aussicht ist echt sch\u00f6n.<\/p>\n<p>Nach 5 Stunden erreichen wir etwas ersch\u00f6pft unser Ziel &#8211; wir m\u00fcssen definitiv wieder mehr tun \ud83d\ude09<\/p>\n<div id='gallery-1' class='gallery galleryid-1305 gallery-columns-4 gallery-size-thumbnail'><dl class='gallery-item'>\n\t\t\t<dt class='gallery-icon portrait'>\n\t\t\t\t<a href='http:\/\/lumikukka.de\/wp-content\/uploads\/2014\/03\/20140309-085735-DSC_4469.jpg'><img loading=\"lazy\" decoding=\"async\" width=\"150\" height=\"150\" src=\"http:\/\/lumikukka.de\/wp-content\/uploads\/2014\/03\/20140309-085735-DSC_4469-150x150.jpg\" class=\"attachment-thumbnail size-thumbnail\" alt=\"\" \/><\/a>\n\t\t\t<\/dt><\/dl><dl class='gallery-item'>\n\t\t\t<dt class='gallery-icon portrait'>\n\t\t\t\t<a href='http:\/\/lumikukka.de\/wp-content\/uploads\/2014\/03\/20140309-092601-DSC_0399.jpg'><img loading=\"lazy\" decoding=\"async\" width=\"150\" height=\"150\" src=\"http:\/\/lumikukka.de\/wp-content\/uploads\/2014\/03\/20140309-092601-DSC_0399-150x150.jpg\" class=\"attachment-thumbnail size-thumbnail\" alt=\"\" \/><\/a>\n\t\t\t<\/dt><\/dl><dl class='gallery-item'>\n\t\t\t<dt class='gallery-icon landscape'>\n\t\t\t\t<a href='http:\/\/lumikukka.de\/wp-content\/uploads\/2014\/03\/20140309-101233-DSC_4481.jpg'><img loading=\"lazy\" decoding=\"async\" width=\"150\" height=\"150\" src=\"http:\/\/lumikukka.de\/wp-content\/uploads\/2014\/03\/20140309-101233-DSC_4481-150x150.jpg\" class=\"attachment-thumbnail size-thumbnail\" alt=\"\" \/><\/a>\n\t\t\t<\/dt><\/dl><dl class='gallery-item'>\n\t\t\t<dt class='gallery-icon landscape'>\n\t\t\t\t<a href='http:\/\/lumikukka.de\/wp-content\/uploads\/2014\/03\/20140309-101914-DSC_0401.jpg'><img loading=\"lazy\" decoding=\"async\" width=\"150\" height=\"150\" src=\"http:\/\/lumikukka.de\/wp-content\/uploads\/2014\/03\/20140309-101914-DSC_0401-150x150.jpg\" class=\"attachment-thumbnail size-thumbnail\" alt=\"\" \/><\/a>\n\t\t\t<\/dt><\/dl><br style=\"clear: both\" \/><dl class='gallery-item'>\n\t\t\t<dt class='gallery-icon portrait'>\n\t\t\t\t<a href='http:\/\/lumikukka.de\/wp-content\/uploads\/2014\/03\/20140309-103355-DSC_4485.jpg'><img loading=\"lazy\" decoding=\"async\" width=\"150\" height=\"150\" src=\"http:\/\/lumikukka.de\/wp-content\/uploads\/2014\/03\/20140309-103355-DSC_4485-150x150.jpg\" class=\"attachment-thumbnail size-thumbnail\" alt=\"\" \/><\/a>\n\t\t\t<\/dt><\/dl><dl class='gallery-item'>\n\t\t\t<dt class='gallery-icon landscape'>\n\t\t\t\t<a href='http:\/\/lumikukka.de\/wp-content\/uploads\/2014\/03\/20140309-104147-DSC_4487.jpg'><img loading=\"lazy\" decoding=\"async\" width=\"150\" height=\"150\" src=\"http:\/\/lumikukka.de\/wp-content\/uploads\/2014\/03\/20140309-104147-DSC_4487-150x150.jpg\" class=\"attachment-thumbnail size-thumbnail\" alt=\"\" \/><\/a>\n\t\t\t<\/dt><\/dl><dl class='gallery-item'>\n\t\t\t<dt class='gallery-icon portrait'>\n\t\t\t\t<a href='http:\/\/lumikukka.de\/wp-content\/uploads\/2014\/03\/20140309-104557-DSC_4492.jpg'><img loading=\"lazy\" decoding=\"async\" width=\"150\" height=\"150\" src=\"http:\/\/lumikukka.de\/wp-content\/uploads\/2014\/03\/20140309-104557-DSC_4492-150x150.jpg\" class=\"attachment-thumbnail size-thumbnail\" alt=\"\" \/><\/a>\n\t\t\t<\/dt><\/dl><dl class='gallery-item'>\n\t\t\t<dt class='gallery-icon portrait'>\n\t\t\t\t<a href='http:\/\/lumikukka.de\/wp-content\/uploads\/2014\/03\/20140309-104618-DSC_4493.jpg'><img loading=\"lazy\" decoding=\"async\" width=\"150\" height=\"150\" src=\"http:\/\/lumikukka.de\/wp-content\/uploads\/2014\/03\/20140309-104618-DSC_4493-150x150.jpg\" class=\"attachment-thumbnail size-thumbnail\" alt=\"\" \/><\/a>\n\t\t\t<\/dt><\/dl><br style=\"clear: both\" \/><dl class='gallery-item'>\n\t\t\t<dt class='gallery-icon portrait'>\n\t\t\t\t<a href='http:\/\/lumikukka.de\/wp-content\/uploads\/2014\/03\/20140309-105609-DSC_4501.jpg'><img loading=\"lazy\" decoding=\"async\" width=\"150\" height=\"150\" src=\"http:\/\/lumikukka.de\/wp-content\/uploads\/2014\/03\/20140309-105609-DSC_4501-150x150.jpg\" class=\"attachment-thumbnail size-thumbnail\" alt=\"\" \/><\/a>\n\t\t\t<\/dt><\/dl><dl class='gallery-item'>\n\t\t\t<dt class='gallery-icon portrait'>\n\t\t\t\t<a href='http:\/\/lumikukka.de\/wp-content\/uploads\/2014\/03\/20140309-105718-DSC_0404.jpg'><img loading=\"lazy\" decoding=\"async\" width=\"150\" height=\"150\" src=\"http:\/\/lumikukka.de\/wp-content\/uploads\/2014\/03\/20140309-105718-DSC_0404-150x150.jpg\" class=\"attachment-thumbnail size-thumbnail\" alt=\"\" \/><\/a>\n\t\t\t<\/dt><\/dl><dl class='gallery-item'>\n\t\t\t<dt class='gallery-icon portrait'>\n\t\t\t\t<a href='http:\/\/lumikukka.de\/wp-content\/uploads\/2014\/03\/20140309-105738-DSC_0405.jpg'><img loading=\"lazy\" decoding=\"async\" width=\"150\" height=\"150\" src=\"http:\/\/lumikukka.de\/wp-content\/uploads\/2014\/03\/20140309-105738-DSC_0405-150x150.jpg\" class=\"attachment-thumbnail size-thumbnail\" alt=\"\" \/><\/a>\n\t\t\t<\/dt><\/dl><dl class='gallery-item'>\n\t\t\t<dt class='gallery-icon portrait'>\n\t\t\t\t<a href='http:\/\/lumikukka.de\/wp-content\/uploads\/2014\/03\/20140309-114622-DSC_4516.jpg'><img loading=\"lazy\" decoding=\"async\" width=\"150\" height=\"150\" src=\"http:\/\/lumikukka.de\/wp-content\/uploads\/2014\/03\/20140309-114622-DSC_4516-150x150.jpg\" class=\"attachment-thumbnail size-thumbnail\" alt=\"\" \/><\/a>\n\t\t\t<\/dt><\/dl><br style=\"clear: both\" \/><dl class='gallery-item'>\n\t\t\t<dt class='gallery-icon portrait'>\n\t\t\t\t<a href='http:\/\/lumikukka.de\/wp-content\/uploads\/2014\/03\/20140309-115422-DSC_0408.jpg'><img loading=\"lazy\" decoding=\"async\" width=\"150\" height=\"150\" src=\"http:\/\/lumikukka.de\/wp-content\/uploads\/2014\/03\/20140309-115422-DSC_0408-150x150.jpg\" class=\"attachment-thumbnail size-thumbnail\" alt=\"\" \/><\/a>\n\t\t\t<\/dt><\/dl><dl class='gallery-item'>\n\t\t\t<dt class='gallery-icon portrait'>\n\t\t\t\t<a href='http:\/\/lumikukka.de\/wp-content\/uploads\/2014\/03\/20140309-120030-DSC_4530.jpg'><img loading=\"lazy\" decoding=\"async\" width=\"150\" height=\"150\" src=\"http:\/\/lumikukka.de\/wp-content\/uploads\/2014\/03\/20140309-120030-DSC_4530-150x150.jpg\" class=\"attachment-thumbnail size-thumbnail\" alt=\"\" \/><\/a>\n\t\t\t<\/dt><\/dl><dl class='gallery-item'>\n\t\t\t<dt class='gallery-icon landscape'>\n\t\t\t\t<a href='http:\/\/lumikukka.de\/wp-content\/uploads\/2014\/03\/20140309-123917-DSC_0410.jpg'><img loading=\"lazy\" decoding=\"async\" width=\"150\" height=\"150\" src=\"http:\/\/lumikukka.de\/wp-content\/uploads\/2014\/03\/20140309-123917-DSC_0410-150x150.jpg\" class=\"attachment-thumbnail size-thumbnail\" alt=\"\" \/><\/a>\n\t\t\t<\/dt><\/dl><dl class='gallery-item'>\n\t\t\t<dt class='gallery-icon portrait'>\n\t\t\t\t<a href='http:\/\/lumikukka.de\/wp-content\/uploads\/2014\/03\/20140309-125247-DSC_0411.jpg'><img loading=\"lazy\" decoding=\"async\" width=\"150\" height=\"150\" src=\"http:\/\/lumikukka.de\/wp-content\/uploads\/2014\/03\/20140309-125247-DSC_0411-150x150.jpg\" class=\"attachment-thumbnail size-thumbnail\" alt=\"\" \/><\/a>\n\t\t\t<\/dt><\/dl><br style=\"clear: both\" \/><dl class='gallery-item'>\n\t\t\t<dt class='gallery-icon landscape'>\n\t\t\t\t<a href='http:\/\/lumikukka.de\/wp-content\/uploads\/2014\/03\/20140309-130611-DSC_4548.jpg'><img loading=\"lazy\" decoding=\"async\" width=\"150\" height=\"150\" src=\"http:\/\/lumikukka.de\/wp-content\/uploads\/2014\/03\/20140309-130611-DSC_4548-150x150.jpg\" class=\"attachment-thumbnail size-thumbnail\" alt=\"\" \/><\/a>\n\t\t\t<\/dt><\/dl><dl class='gallery-item'>\n\t\t\t<dt class='gallery-icon portrait'>\n\t\t\t\t<a href='http:\/\/lumikukka.de\/wp-content\/uploads\/2014\/03\/20140309-131152-DSC_0412.jpg'><img loading=\"lazy\" decoding=\"async\" width=\"150\" height=\"150\" src=\"http:\/\/lumikukka.de\/wp-content\/uploads\/2014\/03\/20140309-131152-DSC_0412-150x150.jpg\" class=\"attachment-thumbnail size-thumbnail\" alt=\"\" \/><\/a>\n\t\t\t<\/dt><\/dl><dl class='gallery-item'>\n\t\t\t<dt class='gallery-icon landscape'>\n\t\t\t\t<a href='http:\/\/lumikukka.de\/wp-content\/uploads\/2014\/03\/20140309-135035-DSC_0417.jpg'><img loading=\"lazy\" decoding=\"async\" width=\"150\" height=\"150\" src=\"http:\/\/lumikukka.de\/wp-content\/uploads\/2014\/03\/20140309-135035-DSC_0417-150x150.jpg\" class=\"attachment-thumbnail size-thumbnail\" alt=\"\" \/><\/a>\n\t\t\t<\/dt><\/dl><dl class='gallery-item'>\n\t\t\t<dt class='gallery-icon landscape'>\n\t\t\t\t<a href='http:\/\/lumikukka.de\/wp-content\/uploads\/2014\/03\/20140309-135359-DSC_0421.jpg'><img loading=\"lazy\" decoding=\"async\" width=\"150\" height=\"150\" src=\"http:\/\/lumikukka.de\/wp-content\/uploads\/2014\/03\/20140309-135359-DSC_0421-150x150.jpg\" class=\"attachment-thumbnail size-thumbnail\" alt=\"\" \/><\/a>\n\t\t\t<\/dt><\/dl><br style=\"clear: both\" \/><dl class='gallery-item'>\n\t\t\t<dt class='gallery-icon landscape'>\n\t\t\t\t<a href='http:\/\/lumikukka.de\/wp-content\/uploads\/2014\/03\/20140309-135410-DSC_0422.jpg'><img loading=\"lazy\" decoding=\"async\" width=\"150\" height=\"150\" src=\"http:\/\/lumikukka.de\/wp-content\/uploads\/2014\/03\/20140309-135410-DSC_0422-150x150.jpg\" class=\"attachment-thumbnail size-thumbnail\" alt=\"\" \/><\/a>\n\t\t\t<\/dt><\/dl><dl class='gallery-item'>\n\t\t\t<dt class='gallery-icon portrait'>\n\t\t\t\t<a href='http:\/\/lumikukka.de\/wp-content\/uploads\/2014\/03\/20140309-135654-DSC_0425.jpg'><img loading=\"lazy\" decoding=\"async\" width=\"150\" height=\"150\" src=\"http:\/\/lumikukka.de\/wp-content\/uploads\/2014\/03\/20140309-135654-DSC_0425-150x150.jpg\" class=\"attachment-thumbnail size-thumbnail\" alt=\"\" \/><\/a>\n\t\t\t<\/dt><\/dl><dl class='gallery-item'>\n\t\t\t<dt class='gallery-icon portrait'>\n\t\t\t\t<a href='http:\/\/lumikukka.de\/wp-content\/uploads\/2014\/03\/20140309-135740-DSC_0427.jpg'><img loading=\"lazy\" decoding=\"async\" width=\"150\" height=\"150\" src=\"http:\/\/lumikukka.de\/wp-content\/uploads\/2014\/03\/20140309-135740-DSC_0427-150x150.jpg\" class=\"attachment-thumbnail size-thumbnail\" alt=\"\" \/><\/a>\n\t\t\t<\/dt><\/dl><dl class='gallery-item'>\n\t\t\t<dt class='gallery-icon landscape'>\n\t\t\t\t<a href='http:\/\/lumikukka.de\/wp-content\/uploads\/2014\/03\/20140309-144357-DSC_0432.jpg'><img loading=\"lazy\" decoding=\"async\" width=\"150\" height=\"150\" src=\"http:\/\/lumikukka.de\/wp-content\/uploads\/2014\/03\/20140309-144357-DSC_0432-150x150.jpg\" class=\"attachment-thumbnail size-thumbnail\" alt=\"\" \/><\/a>\n\t\t\t<\/dt><\/dl><br style=\"clear: both\" \/><dl class='gallery-item'>\n\t\t\t<dt class='gallery-icon landscape'>\n\t\t\t\t<a href='http:\/\/lumikukka.de\/wp-content\/uploads\/2014\/03\/20140309-143807-DSC_4590.jpg'><img loading=\"lazy\" decoding=\"async\" width=\"150\" height=\"150\" src=\"http:\/\/lumikukka.de\/wp-content\/uploads\/2014\/03\/20140309-143807-DSC_4590-150x150.jpg\" class=\"attachment-thumbnail size-thumbnail\" alt=\"\" \/><\/a>\n\t\t\t<\/dt><\/dl><dl class='gallery-item'>\n\t\t\t<dt class='gallery-icon portrait'>\n\t\t\t\t<a href='http:\/\/lumikukka.de\/wp-content\/uploads\/2014\/03\/20140309-144425-DSC_0435.jpg'><img loading=\"lazy\" decoding=\"async\" width=\"150\" height=\"150\" src=\"http:\/\/lumikukka.de\/wp-content\/uploads\/2014\/03\/20140309-144425-DSC_0435-150x150.jpg\" class=\"attachment-thumbnail size-thumbnail\" alt=\"\" \/><\/a>\n\t\t\t<\/dt><\/dl>\n\t\t\t<br style='clear: both' \/>\n\t\t<\/div>\n\n","protected":false},"excerpt":{"rendered":"<p>Am ersten wirklich tollen Wochenende des neuen Jahres zieht es uns mal wieder in die Natur. Der Fu\u00df ist halbwegs verheilt und muss &#8211; gerade in Anbetracht unserer geplanten Wanderung auf den Mt. Whitney &#8211; mal wieder gefordert werden. Wir &hellip; <a href=\"http:\/\/lumikukka.de\/?page_id=1305\">Weiterlesen <span class=\"meta-nav\">&rarr;<\/span><\/a><\/p>\n","protected":false},"author":2,"featured_media":0,"parent":977,"menu_order":5,"comment_status":"open","ping_status":"open","template":"","meta":{"footnotes":""},"class_list":["post-1305","page","type-page","status-publish","hentry"],"_links":{"self":[{"href":"http:\/\/lumikukka.de\/index.php?rest_route=\/wp\/v2\/pages\/1305","targetHints":{"allow":["GET"]}}],"collection":[{"href":"http:\/\/lumikukka.de\/index.php?rest_route=\/wp\/v2\/pages"}],"about":[{"href":"http:\/\/lumikukka.de\/index.php?rest_route=\/wp\/v2\/types\/page"}],"author":[{"embeddable":true,"href":"http:\/\/lumikukka.de\/index.php?rest_route=\/wp\/v2\/users\/2"}],"replies":[{"embeddable":true,"href":"http:\/\/lumikukka.de\/index.php?rest_route=%2Fwp%2Fv2%2Fcomments&post=1305"}],"version-history":[{"count":2,"href":"http:\/\/lumikukka.de\/index.php?rest_route=\/wp\/v2\/pages\/1305\/revisions"}],"predecessor-version":[{"id":1333,"href":"http:\/\/lumikukka.de\/index.php?rest_route=\/wp\/v2\/pages\/1305\/revisions\/1333"}],"up":[{"embeddable":true,"href":"http:\/\/lumikukka.de\/index.php?rest_route=\/wp\/v2\/pages\/977"}],"wp:attachment":[{"href":"http:\/\/lumikukka.de\/index.php?rest_route=%2Fwp%2Fv2%2Fmedia&parent=1305"}],"curies":[{"name":"wp","href":"https:\/\/api.w.org\/{rel}","templated":true}]}}