{"id":1698,"date":"2014-07-26T15:07:57","date_gmt":"2014-07-26T13:07:57","guid":{"rendered":"http:\/\/lumikukka.de\/?page_id=1698"},"modified":"2014-07-26T15:35:54","modified_gmt":"2014-07-26T13:35:54","slug":"las-vegas","status":"publish","type":"page","link":"http:\/\/lumikukka.de\/?page_id=1698","title":{"rendered":"Las Vegas"},"content":{"rendered":"<p>Sonntag, 15. Juni 2014<\/p>\n<p>Nach einer viel zu kurzen Nacht geht&#8217;s erstmal auf Einkaufstour. Wir decken uns im Walmart mit den Vorr\u00e4ten f\u00fcr die ersten Tage ein und besorgen in einem Outdoor Laden namens &#8222;REI&#8220; noch Campinggas und Pfefferspray gegen die B\u00e4ren. Hier trennen sich dann auch unsere Wege. Wir brechen auf in Richtung Sequoia National Park. Martin und Verena zieht es in Richtung Norden. Inzwischen ist eine Bullenhitze, sodass wir froh sind, die n\u00e4chsten Stunden im klimatisierten Auto verbringen zu d\u00fcrfen, was sich durch streckenweise nur z\u00e4hflie\u00dfenden Verkehr wieder etwas relativiert. Die Strecke verl\u00e4uft wenig abwechslungsreich durch die W\u00fcste Nevadas und dann durch die W\u00fcste Kaliforniens. Inklusive einer Mittagspause und einem Tankstop erreichen wir nach 9 1\/2 Stunden unser Ziel. Die letzten Meilen geht es dabei auf engen und gewundenen Stra\u00dfen 2000 Meter hinauf zum Campingplatz Lodgepole im Sequoia Nationalpark &#8211; Tabletten gegen \u00dcbelkeit sind hier angebracht &#8211; meinem Magen haben die vielen Kurven jedenfalls nicht geschmeckt. Da es schon so sp\u00e4t ist, beschlie\u00dfen wir die Mammutb\u00e4ume &#8211; hier auch Sequoias genannt &#8211; links und rechts stehen zu lassen und auf morgen zu verschieben. Im Halbdunkeln bauen wir schnell unser Zelt auf uns verstauen alles was Meister Petz schmecken k\u00f6nnte in der daf\u00fcr vorgesehenen Metallbox und hauen uns auf&#8217;s Ohr.<\/p>\n<div id='gallery-1' class='gallery galleryid-1698 gallery-columns-6 gallery-size-thumbnail'><dl class='gallery-item'>\n\t\t\t<dt class='gallery-icon portrait'>\n\t\t\t\t<a href='http:\/\/lumikukka.de\/wp-content\/uploads\/2014\/07\/20140615-081711-DSC_0849.jpg'><img loading=\"lazy\" decoding=\"async\" width=\"150\" height=\"150\" src=\"http:\/\/lumikukka.de\/wp-content\/uploads\/2014\/07\/20140615-081711-DSC_0849-150x150.jpg\" class=\"attachment-thumbnail size-thumbnail\" alt=\"\" \/><\/a>\n\t\t\t<\/dt><\/dl><dl class='gallery-item'>\n\t\t\t<dt class='gallery-icon portrait'>\n\t\t\t\t<a href='http:\/\/lumikukka.de\/wp-content\/uploads\/2014\/07\/20140615-081916-DSC_0852.jpg'><img loading=\"lazy\" decoding=\"async\" width=\"150\" height=\"150\" src=\"http:\/\/lumikukka.de\/wp-content\/uploads\/2014\/07\/20140615-081916-DSC_0852-150x150.jpg\" class=\"attachment-thumbnail size-thumbnail\" alt=\"\" \/><\/a>\n\t\t\t<\/dt><\/dl><dl class='gallery-item'>\n\t\t\t<dt class='gallery-icon landscape'>\n\t\t\t\t<a href='http:\/\/lumikukka.de\/wp-content\/uploads\/2014\/07\/20140615-110403-DSC_0859.jpg'><img loading=\"lazy\" decoding=\"async\" width=\"150\" height=\"150\" src=\"http:\/\/lumikukka.de\/wp-content\/uploads\/2014\/07\/20140615-110403-DSC_0859-150x150.jpg\" class=\"attachment-thumbnail size-thumbnail\" alt=\"\" \/><\/a>\n\t\t\t<\/dt><\/dl><dl class='gallery-item'>\n\t\t\t<dt class='gallery-icon landscape'>\n\t\t\t\t<a href='http:\/\/lumikukka.de\/wp-content\/uploads\/2014\/07\/20140615-112741-DSC_0862.jpg'><img loading=\"lazy\" decoding=\"async\" width=\"150\" height=\"150\" src=\"http:\/\/lumikukka.de\/wp-content\/uploads\/2014\/07\/20140615-112741-DSC_0862-150x150.jpg\" class=\"attachment-thumbnail size-thumbnail\" alt=\"\" \/><\/a>\n\t\t\t<\/dt><\/dl><dl class='gallery-item'>\n\t\t\t<dt class='gallery-icon landscape'>\n\t\t\t\t<a href='http:\/\/lumikukka.de\/wp-content\/uploads\/2014\/07\/20140615-112802-DSC_0863.jpg'><img loading=\"lazy\" decoding=\"async\" width=\"150\" height=\"150\" src=\"http:\/\/lumikukka.de\/wp-content\/uploads\/2014\/07\/20140615-112802-DSC_0863-150x150.jpg\" class=\"attachment-thumbnail size-thumbnail\" alt=\"\" \/><\/a>\n\t\t\t<\/dt><\/dl><dl class='gallery-item'>\n\t\t\t<dt class='gallery-icon landscape'>\n\t\t\t\t<a href='http:\/\/lumikukka.de\/wp-content\/uploads\/2014\/07\/20140615-112835-DSC_0864.jpg'><img loading=\"lazy\" decoding=\"async\" width=\"150\" height=\"150\" src=\"http:\/\/lumikukka.de\/wp-content\/uploads\/2014\/07\/20140615-112835-DSC_0864-150x150.jpg\" class=\"attachment-thumbnail size-thumbnail\" alt=\"\" \/><\/a>\n\t\t\t<\/dt><\/dl><br style=\"clear: both\" \/><dl class='gallery-item'>\n\t\t\t<dt class='gallery-icon landscape'>\n\t\t\t\t<a href='http:\/\/lumikukka.de\/wp-content\/uploads\/2014\/07\/20140615-113647-DSC_0867.jpg'><img loading=\"lazy\" decoding=\"async\" width=\"150\" height=\"150\" src=\"http:\/\/lumikukka.de\/wp-content\/uploads\/2014\/07\/20140615-113647-DSC_0867-150x150.jpg\" class=\"attachment-thumbnail size-thumbnail\" alt=\"\" \/><\/a>\n\t\t\t<\/dt><\/dl><dl class='gallery-item'>\n\t\t\t<dt class='gallery-icon landscape'>\n\t\t\t\t<a href='http:\/\/lumikukka.de\/wp-content\/uploads\/2014\/07\/20140615-114140-DSC_0870.jpg'><img loading=\"lazy\" decoding=\"async\" width=\"150\" height=\"150\" src=\"http:\/\/lumikukka.de\/wp-content\/uploads\/2014\/07\/20140615-114140-DSC_0870-150x150.jpg\" class=\"attachment-thumbnail size-thumbnail\" alt=\"\" \/><\/a>\n\t\t\t<\/dt><\/dl><dl class='gallery-item'>\n\t\t\t<dt class='gallery-icon landscape'>\n\t\t\t\t<a href='http:\/\/lumikukka.de\/wp-content\/uploads\/2014\/07\/20140615-120727-DSC_0873.jpg'><img loading=\"lazy\" decoding=\"async\" width=\"150\" height=\"150\" src=\"http:\/\/lumikukka.de\/wp-content\/uploads\/2014\/07\/20140615-120727-DSC_0873-150x150.jpg\" class=\"attachment-thumbnail size-thumbnail\" alt=\"\" \/><\/a>\n\t\t\t<\/dt><\/dl><dl class='gallery-item'>\n\t\t\t<dt class='gallery-icon landscape'>\n\t\t\t\t<a href='http:\/\/lumikukka.de\/wp-content\/uploads\/2014\/07\/20140615-121857-DSC_0879.jpg'><img loading=\"lazy\" decoding=\"async\" width=\"150\" height=\"150\" src=\"http:\/\/lumikukka.de\/wp-content\/uploads\/2014\/07\/20140615-121857-DSC_0879-150x150.jpg\" class=\"attachment-thumbnail size-thumbnail\" alt=\"\" \/><\/a>\n\t\t\t<\/dt><\/dl><dl class='gallery-item'>\n\t\t\t<dt class='gallery-icon landscape'>\n\t\t\t\t<a href='http:\/\/lumikukka.de\/wp-content\/uploads\/2014\/07\/20140615-121905-DSC_0880.jpg'><img loading=\"lazy\" decoding=\"async\" width=\"150\" height=\"150\" src=\"http:\/\/lumikukka.de\/wp-content\/uploads\/2014\/07\/20140615-121905-DSC_0880-150x150.jpg\" class=\"attachment-thumbnail size-thumbnail\" alt=\"\" \/><\/a>\n\t\t\t<\/dt><\/dl><dl class='gallery-item'>\n\t\t\t<dt class='gallery-icon landscape'>\n\t\t\t\t<a href='http:\/\/lumikukka.de\/wp-content\/uploads\/2014\/07\/20140615-151054-DSC_5271.jpg'><img loading=\"lazy\" decoding=\"async\" width=\"150\" height=\"150\" src=\"http:\/\/lumikukka.de\/wp-content\/uploads\/2014\/07\/20140615-151054-DSC_5271-150x150.jpg\" class=\"attachment-thumbnail size-thumbnail\" alt=\"\" \/><\/a>\n\t\t\t<\/dt><\/dl><br style=\"clear: both\" \/>\n\t\t<\/div>\n\n<p>Und hier geht&#8217;s weiter zum <a href=\"http:\/\/lumikukka.de\/?page_id=1733\">Sequoia Nationalpark<\/a>.<\/p>\n","protected":false},"excerpt":{"rendered":"<p>Sonntag, 15. Juni 2014 Nach einer viel zu kurzen Nacht geht&#8217;s erstmal auf Einkaufstour. Wir decken uns im Walmart mit den Vorr\u00e4ten f\u00fcr die ersten Tage ein und besorgen in einem Outdoor Laden namens &#8222;REI&#8220; noch Campinggas und Pfefferspray gegen &hellip; <a href=\"http:\/\/lumikukka.de\/?page_id=1698\">Weiterlesen <span class=\"meta-nav\">&rarr;<\/span><\/a><\/p>\n","protected":false},"author":2,"featured_media":0,"parent":1671,"menu_order":0,"comment_status":"open","ping_status":"open","template":"","meta":{"footnotes":""},"class_list":["post-1698","page","type-page","status-publish","hentry"],"_links":{"self":[{"href":"http:\/\/lumikukka.de\/index.php?rest_route=\/wp\/v2\/pages\/1698","targetHints":{"allow":["GET"]}}],"collection":[{"href":"http:\/\/lumikukka.de\/index.php?rest_route=\/wp\/v2\/pages"}],"about":[{"href":"http:\/\/lumikukka.de\/index.php?rest_route=\/wp\/v2\/types\/page"}],"author":[{"embeddable":true,"href":"http:\/\/lumikukka.de\/index.php?rest_route=\/wp\/v2\/users\/2"}],"replies":[{"embeddable":true,"href":"http:\/\/lumikukka.de\/index.php?rest_route=%2Fwp%2Fv2%2Fcomments&post=1698"}],"version-history":[{"count":6,"href":"http:\/\/lumikukka.de\/index.php?rest_route=\/wp\/v2\/pages\/1698\/revisions"}],"predecessor-version":[{"id":1810,"href":"http:\/\/lumikukka.de\/index.php?rest_route=\/wp\/v2\/pages\/1698\/revisions\/1810"}],"up":[{"embeddable":true,"href":"http:\/\/lumikukka.de\/index.php?rest_route=\/wp\/v2\/pages\/1671"}],"wp:attachment":[{"href":"http:\/\/lumikukka.de\/index.php?rest_route=%2Fwp%2Fv2%2Fmedia&parent=1698"}],"curies":[{"name":"wp","href":"https:\/\/api.w.org\/{rel}","templated":true}]}}