{"id":35,"date":"2013-08-07T14:24:23","date_gmt":"2013-08-07T12:24:23","guid":{"rendered":"http:\/\/lumikukka.de\/wp\/?page_id=35"},"modified":"2013-08-11T14:25:01","modified_gmt":"2013-08-11T12:25:01","slug":"schloss-neuschwanstein","status":"publish","type":"page","link":"http:\/\/lumikukka.de\/?page_id=35","title":{"rendered":"Schloss Neuschwanstein"},"content":{"rendered":"<p>Da wir uns nun schon im tiefsten Bayern befanden, war geplant am letzten Tag des langen Wochenendes einen Abstecher zum Schloss Neuschwanstein zu machen.<\/p>\n<p>Martin hatte keine Lust auf Kultur. Ihn haben wir schon am Tegelberg abgesetzt. Er wollte zum Schloss wandern. Er ist wohl noch nicht genug gelaufen &#8211; nun gut\u2026jedem was er w\u00fcnscht\u2026<\/p>\n<p>In F\u00fcssen angekommen parken wir das Auto f\u00fcr stolze 5\u20ac am Alpsee Parkplatz. Wir reihen uns in der ca. 200 m langen Schlange vorm Ticketschalter ein. Nach einigen Minuten kam eine nette Frau mit Infomaterial, die uns auch erz\u00e4hlte, dass man nicht unbedingt ein Ticket ben\u00f6tigt, um ins Schloss zu kommen. Da mir an diesem Morgen schon so viele unfreundliche Asiaten \u00fcber den Weg gelaufen sind und wir keine gro\u00dfe Lust hatten, uns mit vielen anderen in Massenabfertigung durch das Schloss schleusen zu lassen, entschieden wir, keine Tickets f\u00fcr die Innenbesichtigung zu kaufen und uns selbst auf den Weg zum Schloss zu machen. Auch hier gab es einen kleinen Anstieg von ca. 40 Minuten, denn das Schloss liegt auf einem Berg. Wir schauen uns erstmal das Schloss von der Marienbr\u00fccke aus an. Bestaunen den Wasserfall in die P\u00f6llatschlucht am Fu\u00dfe des Berges und besichtigen das Schloss von au\u00dfen und vom Schlosshof aus. Eine Postkarte und die Souvenirs gibt es auch hier. Dann geht\u2019s wieder runter &#8211; mit der Pferdekutsche &#8211; man g\u00f6nnt sich ja sonst nix.<\/p>\n<p>Irgendwann st\u00f6\u00dft Martin wieder zu uns und wir machen uns auf den Heimweg gen Hessen\u2026<\/p>\n<p>[peg]<br \/>\n<div id='gallery-1' class='gallery galleryid-35 gallery-columns-4 gallery-size-thumbnail'><dl class='gallery-item'>\n\t\t\t<dt class='gallery-icon landscape'>\n\t\t\t\t<a href='http:\/\/lumikukka.de\/wp-content\/uploads\/2013\/08\/20130805-092612-DSC_7543.jpg'><img loading=\"lazy\" decoding=\"async\" width=\"150\" height=\"150\" src=\"http:\/\/lumikukka.de\/wp-content\/uploads\/2013\/08\/20130805-092612-DSC_7543-150x150.jpg\" class=\"attachment-thumbnail size-thumbnail\" alt=\"\" \/><\/a>\n\t\t\t<\/dt><\/dl><dl class='gallery-item'>\n\t\t\t<dt class='gallery-icon portrait'>\n\t\t\t\t<a href='http:\/\/lumikukka.de\/wp-content\/uploads\/2013\/08\/20130805-092626-DSC_7546.jpg'><img loading=\"lazy\" decoding=\"async\" width=\"150\" height=\"150\" src=\"http:\/\/lumikukka.de\/wp-content\/uploads\/2013\/08\/20130805-092626-DSC_7546-150x150.jpg\" class=\"attachment-thumbnail size-thumbnail\" alt=\"\" \/><\/a>\n\t\t\t<\/dt><\/dl><dl class='gallery-item'>\n\t\t\t<dt class='gallery-icon landscape'>\n\t\t\t\t<a href='http:\/\/lumikukka.de\/wp-content\/uploads\/2013\/08\/20130805-094326-DSC_7551.jpg'><img loading=\"lazy\" decoding=\"async\" width=\"150\" height=\"150\" src=\"http:\/\/lumikukka.de\/wp-content\/uploads\/2013\/08\/20130805-094326-DSC_7551-150x150.jpg\" class=\"attachment-thumbnail size-thumbnail\" alt=\"\" \/><\/a>\n\t\t\t<\/dt><\/dl><dl class='gallery-item'>\n\t\t\t<dt class='gallery-icon landscape'>\n\t\t\t\t<a href='http:\/\/lumikukka.de\/wp-content\/uploads\/2013\/08\/20130805-095036-DSC_1542.jpg'><img loading=\"lazy\" decoding=\"async\" width=\"150\" height=\"150\" src=\"http:\/\/lumikukka.de\/wp-content\/uploads\/2013\/08\/20130805-095036-DSC_1542-150x150.jpg\" class=\"attachment-thumbnail size-thumbnail\" alt=\"\" \/><\/a>\n\t\t\t<\/dt><\/dl><br style=\"clear: both\" \/><dl class='gallery-item'>\n\t\t\t<dt class='gallery-icon portrait'>\n\t\t\t\t<a href='http:\/\/lumikukka.de\/wp-content\/uploads\/2013\/08\/20130805-102320-DSC_7558.jpg'><img loading=\"lazy\" decoding=\"async\" width=\"150\" height=\"150\" src=\"http:\/\/lumikukka.de\/wp-content\/uploads\/2013\/08\/20130805-102320-DSC_7558-150x150.jpg\" class=\"attachment-thumbnail size-thumbnail\" alt=\"\" \/><\/a>\n\t\t\t<\/dt><\/dl><dl class='gallery-item'>\n\t\t\t<dt class='gallery-icon landscape'>\n\t\t\t\t<a href='http:\/\/lumikukka.de\/wp-content\/uploads\/2013\/08\/20130805-104558-DSC_1552.jpg'><img loading=\"lazy\" decoding=\"async\" width=\"150\" height=\"150\" src=\"http:\/\/lumikukka.de\/wp-content\/uploads\/2013\/08\/20130805-104558-DSC_1552-150x150.jpg\" class=\"attachment-thumbnail size-thumbnail\" alt=\"\" \/><\/a>\n\t\t\t<\/dt><\/dl><dl class='gallery-item'>\n\t\t\t<dt class='gallery-icon portrait'>\n\t\t\t\t<a href='http:\/\/lumikukka.de\/wp-content\/uploads\/2013\/08\/20130805-104647-DSC_7567.jpg'><img loading=\"lazy\" decoding=\"async\" width=\"150\" height=\"150\" src=\"http:\/\/lumikukka.de\/wp-content\/uploads\/2013\/08\/20130805-104647-DSC_7567-150x150.jpg\" class=\"attachment-thumbnail size-thumbnail\" alt=\"\" \/><\/a>\n\t\t\t<\/dt><\/dl><dl class='gallery-item'>\n\t\t\t<dt class='gallery-icon landscape'>\n\t\t\t\t<a href='http:\/\/lumikukka.de\/wp-content\/uploads\/2013\/08\/20130805-104859-DSC_7568.jpg'><img loading=\"lazy\" decoding=\"async\" width=\"150\" height=\"150\" src=\"http:\/\/lumikukka.de\/wp-content\/uploads\/2013\/08\/20130805-104859-DSC_7568-150x150.jpg\" class=\"attachment-thumbnail size-thumbnail\" alt=\"\" \/><\/a>\n\t\t\t<\/dt><\/dl><br style=\"clear: both\" \/><dl class='gallery-item'>\n\t\t\t<dt class='gallery-icon landscape'>\n\t\t\t\t<a href='http:\/\/lumikukka.de\/wp-content\/uploads\/2013\/08\/20130805-110115-DSC_7577.jpg'><img loading=\"lazy\" decoding=\"async\" width=\"150\" height=\"150\" src=\"http:\/\/lumikukka.de\/wp-content\/uploads\/2013\/08\/20130805-110115-DSC_7577-150x150.jpg\" class=\"attachment-thumbnail size-thumbnail\" alt=\"\" \/><\/a>\n\t\t\t<\/dt><\/dl><dl class='gallery-item'>\n\t\t\t<dt class='gallery-icon portrait'>\n\t\t\t\t<a href='http:\/\/lumikukka.de\/wp-content\/uploads\/2013\/08\/20130805-110227-DSC_7582.jpg'><img loading=\"lazy\" decoding=\"async\" width=\"150\" height=\"150\" src=\"http:\/\/lumikukka.de\/wp-content\/uploads\/2013\/08\/20130805-110227-DSC_7582-150x150.jpg\" class=\"attachment-thumbnail size-thumbnail\" alt=\"\" \/><\/a>\n\t\t\t<\/dt><\/dl><dl class='gallery-item'>\n\t\t\t<dt class='gallery-icon portrait'>\n\t\t\t\t<a href='http:\/\/lumikukka.de\/wp-content\/uploads\/2013\/08\/20130805-110251-DSC_7584.jpg'><img loading=\"lazy\" decoding=\"async\" width=\"150\" height=\"150\" src=\"http:\/\/lumikukka.de\/wp-content\/uploads\/2013\/08\/20130805-110251-DSC_7584-150x150.jpg\" class=\"attachment-thumbnail size-thumbnail\" alt=\"\" \/><\/a>\n\t\t\t<\/dt><\/dl><dl class='gallery-item'>\n\t\t\t<dt class='gallery-icon portrait'>\n\t\t\t\t<a href='http:\/\/lumikukka.de\/wp-content\/uploads\/2013\/08\/20130805-110422-DSC_7588.jpg'><img loading=\"lazy\" decoding=\"async\" width=\"150\" height=\"150\" src=\"http:\/\/lumikukka.de\/wp-content\/uploads\/2013\/08\/20130805-110422-DSC_7588-150x150.jpg\" class=\"attachment-thumbnail size-thumbnail\" alt=\"\" \/><\/a>\n\t\t\t<\/dt><\/dl><br style=\"clear: both\" \/><dl class='gallery-item'>\n\t\t\t<dt class='gallery-icon portrait'>\n\t\t\t\t<a href='http:\/\/lumikukka.de\/wp-content\/uploads\/2013\/08\/20130805-110945-DSC_7591.jpg'><img loading=\"lazy\" decoding=\"async\" width=\"150\" height=\"150\" src=\"http:\/\/lumikukka.de\/wp-content\/uploads\/2013\/08\/20130805-110945-DSC_7591-150x150.jpg\" class=\"attachment-thumbnail size-thumbnail\" alt=\"\" \/><\/a>\n\t\t\t<\/dt><\/dl><dl class='gallery-item'>\n\t\t\t<dt class='gallery-icon portrait'>\n\t\t\t\t<a href='http:\/\/lumikukka.de\/wp-content\/uploads\/2013\/08\/20130805-111153-DSC_7594.jpg'><img loading=\"lazy\" decoding=\"async\" width=\"150\" height=\"150\" src=\"http:\/\/lumikukka.de\/wp-content\/uploads\/2013\/08\/20130805-111153-DSC_7594-150x150.jpg\" class=\"attachment-thumbnail size-thumbnail\" alt=\"\" \/><\/a>\n\t\t\t<\/dt><\/dl><dl class='gallery-item'>\n\t\t\t<dt class='gallery-icon portrait'>\n\t\t\t\t<a href='http:\/\/lumikukka.de\/wp-content\/uploads\/2013\/08\/20130805-111256-DSC_7596.jpg'><img loading=\"lazy\" decoding=\"async\" width=\"150\" height=\"150\" src=\"http:\/\/lumikukka.de\/wp-content\/uploads\/2013\/08\/20130805-111256-DSC_7596-150x150.jpg\" class=\"attachment-thumbnail size-thumbnail\" alt=\"\" \/><\/a>\n\t\t\t<\/dt><\/dl><dl class='gallery-item'>\n\t\t\t<dt class='gallery-icon portrait'>\n\t\t\t\t<a href='http:\/\/lumikukka.de\/wp-content\/uploads\/2013\/08\/20130805-111357-DSC_1589.jpg'><img loading=\"lazy\" decoding=\"async\" width=\"150\" height=\"150\" src=\"http:\/\/lumikukka.de\/wp-content\/uploads\/2013\/08\/20130805-111357-DSC_1589-150x150.jpg\" class=\"attachment-thumbnail size-thumbnail\" alt=\"\" \/><\/a>\n\t\t\t<\/dt><\/dl><br style=\"clear: both\" \/><dl class='gallery-item'>\n\t\t\t<dt class='gallery-icon portrait'>\n\t\t\t\t<a href='http:\/\/lumikukka.de\/wp-content\/uploads\/2013\/08\/20130805-111357-DSC_7600.jpg'><img loading=\"lazy\" decoding=\"async\" width=\"150\" height=\"150\" src=\"http:\/\/lumikukka.de\/wp-content\/uploads\/2013\/08\/20130805-111357-DSC_7600-150x150.jpg\" class=\"attachment-thumbnail size-thumbnail\" alt=\"\" \/><\/a>\n\t\t\t<\/dt><\/dl><dl class='gallery-item'>\n\t\t\t<dt class='gallery-icon portrait'>\n\t\t\t\t<a href='http:\/\/lumikukka.de\/wp-content\/uploads\/2013\/08\/20130805-111456-DSC_7601.jpg'><img loading=\"lazy\" decoding=\"async\" width=\"150\" height=\"150\" src=\"http:\/\/lumikukka.de\/wp-content\/uploads\/2013\/08\/20130805-111456-DSC_7601-150x150.jpg\" class=\"attachment-thumbnail size-thumbnail\" alt=\"\" \/><\/a>\n\t\t\t<\/dt><\/dl><dl class='gallery-item'>\n\t\t\t<dt class='gallery-icon portrait'>\n\t\t\t\t<a href='http:\/\/lumikukka.de\/wp-content\/uploads\/2013\/08\/20130805-111610-DSC_7602.jpg'><img loading=\"lazy\" decoding=\"async\" width=\"150\" height=\"150\" src=\"http:\/\/lumikukka.de\/wp-content\/uploads\/2013\/08\/20130805-111610-DSC_7602-150x150.jpg\" class=\"attachment-thumbnail size-thumbnail\" alt=\"\" \/><\/a>\n\t\t\t<\/dt><\/dl><dl class='gallery-item'>\n\t\t\t<dt class='gallery-icon portrait'>\n\t\t\t\t<a href='http:\/\/lumikukka.de\/wp-content\/uploads\/2013\/08\/20130805-111624-DSC_7603.jpg'><img loading=\"lazy\" decoding=\"async\" width=\"150\" height=\"150\" src=\"http:\/\/lumikukka.de\/wp-content\/uploads\/2013\/08\/20130805-111624-DSC_7603-150x150.jpg\" class=\"attachment-thumbnail size-thumbnail\" alt=\"\" \/><\/a>\n\t\t\t<\/dt><\/dl><br style=\"clear: both\" \/><dl class='gallery-item'>\n\t\t\t<dt class='gallery-icon portrait'>\n\t\t\t\t<a href='http:\/\/lumikukka.de\/wp-content\/uploads\/2013\/08\/20130805-111720-DSC_7606.jpg'><img loading=\"lazy\" decoding=\"async\" width=\"150\" height=\"150\" src=\"http:\/\/lumikukka.de\/wp-content\/uploads\/2013\/08\/20130805-111720-DSC_7606-150x150.jpg\" class=\"attachment-thumbnail size-thumbnail\" alt=\"\" \/><\/a>\n\t\t\t<\/dt><\/dl><dl class='gallery-item'>\n\t\t\t<dt class='gallery-icon portrait'>\n\t\t\t\t<a href='http:\/\/lumikukka.de\/wp-content\/uploads\/2013\/08\/20130805-111750-DSC_7607.jpg'><img loading=\"lazy\" decoding=\"async\" width=\"150\" height=\"150\" src=\"http:\/\/lumikukka.de\/wp-content\/uploads\/2013\/08\/20130805-111750-DSC_7607-150x150.jpg\" class=\"attachment-thumbnail size-thumbnail\" alt=\"\" \/><\/a>\n\t\t\t<\/dt><\/dl><dl class='gallery-item'>\n\t\t\t<dt class='gallery-icon portrait'>\n\t\t\t\t<a href='http:\/\/lumikukka.de\/wp-content\/uploads\/2013\/08\/20130805-111821-DSC_7609.jpg'><img loading=\"lazy\" decoding=\"async\" width=\"150\" height=\"150\" src=\"http:\/\/lumikukka.de\/wp-content\/uploads\/2013\/08\/20130805-111821-DSC_7609-150x150.jpg\" class=\"attachment-thumbnail size-thumbnail\" alt=\"\" \/><\/a>\n\t\t\t<\/dt><\/dl><dl class='gallery-item'>\n\t\t\t<dt class='gallery-icon portrait'>\n\t\t\t\t<a href='http:\/\/lumikukka.de\/wp-content\/uploads\/2013\/08\/20130805-112151-DSC_7615.jpg'><img loading=\"lazy\" decoding=\"async\" width=\"150\" height=\"150\" src=\"http:\/\/lumikukka.de\/wp-content\/uploads\/2013\/08\/20130805-112151-DSC_7615-150x150.jpg\" class=\"attachment-thumbnail size-thumbnail\" alt=\"\" \/><\/a>\n\t\t\t<\/dt><\/dl><br style=\"clear: both\" \/><dl class='gallery-item'>\n\t\t\t<dt class='gallery-icon portrait'>\n\t\t\t\t<a href='http:\/\/lumikukka.de\/wp-content\/uploads\/2013\/08\/20130805-113641-DSC_7618.jpg'><img loading=\"lazy\" decoding=\"async\" width=\"150\" height=\"150\" src=\"http:\/\/lumikukka.de\/wp-content\/uploads\/2013\/08\/20130805-113641-DSC_7618-150x150.jpg\" class=\"attachment-thumbnail size-thumbnail\" alt=\"\" \/><\/a>\n\t\t\t<\/dt><\/dl><dl class='gallery-item'>\n\t\t\t<dt class='gallery-icon portrait'>\n\t\t\t\t<a href='http:\/\/lumikukka.de\/wp-content\/uploads\/2013\/08\/20130805-113737-DSC_7621.jpg'><img loading=\"lazy\" decoding=\"async\" width=\"150\" height=\"150\" src=\"http:\/\/lumikukka.de\/wp-content\/uploads\/2013\/08\/20130805-113737-DSC_7621-150x150.jpg\" class=\"attachment-thumbnail size-thumbnail\" alt=\"\" \/><\/a>\n\t\t\t<\/dt><\/dl><dl class='gallery-item'>\n\t\t\t<dt class='gallery-icon portrait'>\n\t\t\t\t<a href='http:\/\/lumikukka.de\/wp-content\/uploads\/2013\/08\/20130805-113959-DSC_7630.jpg'><img loading=\"lazy\" decoding=\"async\" width=\"150\" height=\"150\" src=\"http:\/\/lumikukka.de\/wp-content\/uploads\/2013\/08\/20130805-113959-DSC_7630-150x150.jpg\" class=\"attachment-thumbnail size-thumbnail\" alt=\"\" \/><\/a>\n\t\t\t<\/dt><\/dl><dl class='gallery-item'>\n\t\t\t<dt class='gallery-icon portrait'>\n\t\t\t\t<a href='http:\/\/lumikukka.de\/wp-content\/uploads\/2013\/08\/20130805-120500-DSC_7637.jpg'><img loading=\"lazy\" decoding=\"async\" width=\"150\" height=\"150\" src=\"http:\/\/lumikukka.de\/wp-content\/uploads\/2013\/08\/20130805-120500-DSC_7637-150x150.jpg\" class=\"attachment-thumbnail size-thumbnail\" alt=\"\" \/><\/a>\n\t\t\t<\/dt><\/dl><br style=\"clear: both\" \/><dl class='gallery-item'>\n\t\t\t<dt class='gallery-icon landscape'>\n\t\t\t\t<a href='http:\/\/lumikukka.de\/wp-content\/uploads\/2013\/08\/20130805-125212-DSC_7642.jpg'><img loading=\"lazy\" decoding=\"async\" width=\"150\" height=\"150\" src=\"http:\/\/lumikukka.de\/wp-content\/uploads\/2013\/08\/20130805-125212-DSC_7642-150x150.jpg\" class=\"attachment-thumbnail size-thumbnail\" alt=\"\" \/><\/a>\n\t\t\t<\/dt><\/dl><dl class='gallery-item'>\n\t\t\t<dt class='gallery-icon portrait'>\n\t\t\t\t<a href='http:\/\/lumikukka.de\/wp-content\/uploads\/2013\/08\/20130805-125454-DSC_7644.jpg'><img loading=\"lazy\" decoding=\"async\" width=\"150\" height=\"150\" src=\"http:\/\/lumikukka.de\/wp-content\/uploads\/2013\/08\/20130805-125454-DSC_7644-150x150.jpg\" class=\"attachment-thumbnail size-thumbnail\" alt=\"\" \/><\/a>\n\t\t\t<\/dt><\/dl><dl class='gallery-item'>\n\t\t\t<dt class='gallery-icon landscape'>\n\t\t\t\t<a href='http:\/\/lumikukka.de\/wp-content\/uploads\/2013\/08\/20130805-125907-DSC_1653.jpg'><img loading=\"lazy\" decoding=\"async\" width=\"150\" height=\"150\" src=\"http:\/\/lumikukka.de\/wp-content\/uploads\/2013\/08\/20130805-125907-DSC_1653-150x150.jpg\" class=\"attachment-thumbnail size-thumbnail\" alt=\"\" \/><\/a>\n\t\t\t<\/dt><\/dl><dl class='gallery-item'>\n\t\t\t<dt class='gallery-icon landscape'>\n\t\t\t\t<a href='http:\/\/lumikukka.de\/wp-content\/uploads\/2013\/08\/20130805-132645-DSC_1655.jpg'><img loading=\"lazy\" decoding=\"async\" width=\"150\" height=\"150\" src=\"http:\/\/lumikukka.de\/wp-content\/uploads\/2013\/08\/20130805-132645-DSC_1655-150x150.jpg\" class=\"attachment-thumbnail size-thumbnail\" alt=\"\" \/><\/a>\n\t\t\t<\/dt><\/dl><br style=\"clear: both\" \/><dl class='gallery-item'>\n\t\t\t<dt class='gallery-icon portrait'>\n\t\t\t\t<a href='http:\/\/lumikukka.de\/wp-content\/uploads\/2013\/08\/20130805-134357-DSC_1656.jpg'><img loading=\"lazy\" decoding=\"async\" width=\"150\" height=\"150\" src=\"http:\/\/lumikukka.de\/wp-content\/uploads\/2013\/08\/20130805-134357-DSC_1656-150x150.jpg\" class=\"attachment-thumbnail size-thumbnail\" alt=\"\" \/><\/a>\n\t\t\t<\/dt><\/dl>\n\t\t\t<br style='clear: both' \/>\n\t\t<\/div>\n<\/p>\n","protected":false},"excerpt":{"rendered":"<p>Da wir uns nun schon im tiefsten Bayern befanden, war geplant am letzten Tag des langen Wochenendes einen Abstecher zum Schloss Neuschwanstein zu machen. Martin hatte keine Lust auf Kultur. Ihn haben wir schon am Tegelberg abgesetzt. Er wollte zum &hellip; <a href=\"http:\/\/lumikukka.de\/?page_id=35\">Weiterlesen <span class=\"meta-nav\">&rarr;<\/span><\/a><\/p>\n","protected":false},"author":2,"featured_media":0,"parent":2,"menu_order":0,"comment_status":"open","ping_status":"open","template":"","meta":{"footnotes":""},"class_list":["post-35","page","type-page","status-publish","hentry"],"_links":{"self":[{"href":"http:\/\/lumikukka.de\/index.php?rest_route=\/wp\/v2\/pages\/35","targetHints":{"allow":["GET"]}}],"collection":[{"href":"http:\/\/lumikukka.de\/index.php?rest_route=\/wp\/v2\/pages"}],"about":[{"href":"http:\/\/lumikukka.de\/index.php?rest_route=\/wp\/v2\/types\/page"}],"author":[{"embeddable":true,"href":"http:\/\/lumikukka.de\/index.php?rest_route=\/wp\/v2\/users\/2"}],"replies":[{"embeddable":true,"href":"http:\/\/lumikukka.de\/index.php?rest_route=%2Fwp%2Fv2%2Fcomments&post=35"}],"version-history":[{"count":5,"href":"http:\/\/lumikukka.de\/index.php?rest_route=\/wp\/v2\/pages\/35\/revisions"}],"predecessor-version":[{"id":374,"href":"http:\/\/lumikukka.de\/index.php?rest_route=\/wp\/v2\/pages\/35\/revisions\/374"}],"up":[{"embeddable":true,"href":"http:\/\/lumikukka.de\/index.php?rest_route=\/wp\/v2\/pages\/2"}],"wp:attachment":[{"href":"http:\/\/lumikukka.de\/index.php?rest_route=%2Fwp%2Fv2%2Fmedia&parent=35"}],"curies":[{"name":"wp","href":"https:\/\/api.w.org\/{rel}","templated":true}]}}