{"id":4751,"date":"2019-07-01T01:28:40","date_gmt":"2019-06-30T23:28:40","guid":{"rendered":"http:\/\/lumikukka.de\/?page_id=4751"},"modified":"2019-07-07T22:23:55","modified_gmt":"2019-07-07T20:23:55","slug":"fahrt-nach-la-serena","status":"publish","type":"page","link":"http:\/\/lumikukka.de\/?page_id=4751","title":{"rendered":"R\u00fcckfahrt nach La Serena"},"content":{"rendered":"\n<p>Die 1200 km zur\u00fcck\nnach La Serena teilen wir wieder auf zwei Tage auf. Am ersten Tag machen wir\neinen kleinen Abstecher zum Cerro Paranal. Dort befindet sich auf einer H\u00f6he\nvon xx die europ\u00e4ische S\u00fcdsternwarte. Eine Besichtigung ist so kurzfristig\nleider nicht m\u00f6glich, sodass wir leider nur einen Blick aus der Ferne auf die 4\nGeb\u00e4ude bekommen, in denen die Teleskope stehen. Weiter geht unsere Fahrt in\nRichtung Cha\u00f1aral . Unsere Unterkunft befindet sich nicht direkt in Cha\u00f1aral\nsondern in Diego de Almagro &#8211; ca. 50 km von Cha\u00f1aral entfernt im absoluten\nnirgendwo. Kurz vor der Ankunft stellen wir fest, dass wir die Unterkunft 24\nStunden vorher h\u00e4tten kontaktieren m\u00fcssen. Da wir aber mit unseren Sim Karten\nnicht telefonieren k\u00f6nnen und sich das auch keiner auf Spanisch zutraut, fahren\nwir auf gut Gl\u00fcck einfach so dahin. Dort angekommen stehen wir vor einer\nverschlossen T\u00fcr ohne Klingel. Offenbar handelt es sich um ein privates\nWohnhaus, in denen Appartements vermietet werden. Nach kurzer Zeit kam ein Bewohner\nheraus und Verena versuchte ihr Gl\u00fcck auf Spanisch, um nach dem Vermieter zu\nfragen. Wir wurden zu einem benachbarten Jaus geschickt, wo wohl jemand w\u00e4re,\nder uns helfen k\u00f6nnte. Auch dort hatte niemand etwas mit dieser Vermietung zu\ntun. Aber ein hilfreicher Chilene versuchte telefonisch an Informationen f\u00fcr\nuns zu kommen. Es stellte sich heraus, dass mit unserer Buchung offenbar etwas\nnicht geklappt hat. So standen wir nun erst mal ohne Unterkunft da und\n\u00fcberlegten, nach Cha\u00f1aral zur\u00fcck zu fahren und uns dort ein Hotel zu suchen.\nZuf\u00e4llig hatte jedoch der nette Helfer Jorge im selben Ort eine Unterkunft\nanzubieten. Da wir von der langen Fahrt doch recht geschlaucht waren und es\nauch schon dunkel wurde, nahmen wir dies dankend an. <\/p>\n\n\n\n<p>Die Unterkunft war\npreiswert und einfach, aber f\u00fcr die eine Nacht v\u00f6llig ausreichend. Im Dunkeln\nzogen wir dann nochmal los, um ein Abendbrot und ein Fr\u00fchst\u00fcck f\u00fcr den n\u00e4chsten\nTag zu besorgen. In einem kleinen Brotladen und einem Minimarkt wurden wir dann\nauch f\u00fcndig. Aufgrund mangelnder Spanischkenntnisse unsererseits und mangelnder\nEnglischkenntnisse der knuffigen \u00e4lteren Verk\u00e4ufer und Verk\u00e4uferin wurde dieser\nEinkauf zu einem eigenen kleinen Abenteuer. <\/p>\n\n\n\n<p>Am zweiten Tag starten wir fr\u00fch in Diego de Almagro. Die Fahrt nach La Serena zur\u00fcck an die K\u00fcste ist recht ereignislos. Am fr\u00fchen Nachmittag kamen wir in La Serena an und wollten in unserer Unterkunft einchecken. Es handelte sich um einen gr\u00f6\u00dferen Geb\u00e4udekomplex mit Appartements. Nachdem wir von der Pf\u00f6rtnerin noch freundlich empfangen wurden und alles gut aussah kam nach einer halben Stunde wohl der Vermieter und behauptete, es g\u00e4be keine Reservierung und booking.com h\u00e4tte hier einen Fehler gemacht. Martin versuchte mit seinen rudiment\u00e4ren Spanischkenntnissen dem zu widersprechen, da wir immerhin den Ausdruck mit der Best\u00e4tigung in der Hand hielten. W\u00e4hrend die\u00a0 unsch\u00f6ne Diskussion lief schauten wir uns online f\u00fcr den worst case schon nach Alternativen um. Die einschl\u00e4gigen Buchungsseiten gaben an, dass die Unterk\u00fcnfte in der Gegend zu 98% ausgebucht sind und Preise von 500 &#8211; 3000 US-Dollar pro Nacht aufgerufen werden. Erst mal versuchten wir es aber nat\u00fcrlich mit einem Anruf bei bookong.com. Nach knapp 10 Minuten in der Warteschleife f\u00fcr knapp 3\u20ac die Minute erreichen wir die Hotline. Dort wurde uns die Buchung noch best\u00e4tigt und versprochen, dass man sich mit dem Vermieter in Verbindung setzt. Die inzwischen dazu gekommene Partnerin des Vermieters war kurze Zeit sp\u00e4ter auch f\u00fcr l\u00e4ngere Zeit am Telefonieren. Zwischendurch besprach sie sich hin und wieder mit ihrem Partner und ihre Mienen deuteten darauf hin, dass booking.com seinen Standpunkt sehr deutlich gemacht hat. Jedenfalls fingen die beiden dann an, herum zu telefonieren und alternative Unterk\u00fcnfte f\u00fcr uns zu finden. Einige Zeit sp\u00e4ter kam noch eine Dame dazu, die uns erkl\u00e4rte, dass 2 Apartments zur Verf\u00fcgung h\u00e4tte. Wir fuhren gemeinsam durch die Stadt und schauten uns die H\u00e4user von au\u00dfen an. Eins war deutlich g\u00fcnstiger als unsere urspr\u00fcngliche Buchung, daf\u00fcr aber ein ganzes St\u00fcck weit von der K\u00fcste entfernt. Das andere war etwas teurer als die urspr\u00fcngliche Buchung und doppelt so teuer wie das erste, daf\u00fcr aber sehr modern und in top Lage 3 Minuten vom Strand entfernt. F\u00fcr letzteres entschieden wir uns dann. Die gante Aktion hat alles in allem 3 Stunden gedauert und wir waren alle ziemlich fertig. Nach einem Abendessen ging dann auch schon fr\u00fch ins Bett.<\/p>\n\n\n\n<figure class=\"wp-block-image\"><img loading=\"lazy\" decoding=\"async\" width=\"1024\" height=\"768\" src=\"http:\/\/lumikukka.de\/wp-content\/uploads\/2019\/07\/IMG_20190702_110723-1024x768.jpg\" alt=\"\" class=\"wp-image-4780\" srcset=\"http:\/\/lumikukka.de\/wp-content\/uploads\/2019\/07\/IMG_20190702_110723-1024x768.jpg 1024w, http:\/\/lumikukka.de\/wp-content\/uploads\/2019\/07\/IMG_20190702_110723-300x225.jpg 300w, http:\/\/lumikukka.de\/wp-content\/uploads\/2019\/07\/IMG_20190702_110723-768x576.jpg 768w\" sizes=\"auto, (max-width: 1024px) 100vw, 1024px\" \/><\/figure>\n","protected":false},"excerpt":{"rendered":"<p>Die 1200 km zur\u00fcck nach La Serena teilen wir wieder auf zwei Tage auf. Am ersten Tag machen wir einen kleinen Abstecher zum Cerro Paranal. Dort befindet sich auf einer H\u00f6he von xx die europ\u00e4ische S\u00fcdsternwarte. Eine Besichtigung ist so &hellip; <a href=\"http:\/\/lumikukka.de\/?page_id=4751\">Weiterlesen <span class=\"meta-nav\">&rarr;<\/span><\/a><\/p>\n","protected":false},"author":2,"featured_media":0,"parent":4665,"menu_order":4,"comment_status":"closed","ping_status":"closed","template":"","meta":{"footnotes":""},"class_list":["post-4751","page","type-page","status-publish","hentry"],"_links":{"self":[{"href":"http:\/\/lumikukka.de\/index.php?rest_route=\/wp\/v2\/pages\/4751","targetHints":{"allow":["GET"]}}],"collection":[{"href":"http:\/\/lumikukka.de\/index.php?rest_route=\/wp\/v2\/pages"}],"about":[{"href":"http:\/\/lumikukka.de\/index.php?rest_route=\/wp\/v2\/types\/page"}],"author":[{"embeddable":true,"href":"http:\/\/lumikukka.de\/index.php?rest_route=\/wp\/v2\/users\/2"}],"replies":[{"embeddable":true,"href":"http:\/\/lumikukka.de\/index.php?rest_route=%2Fwp%2Fv2%2Fcomments&post=4751"}],"version-history":[{"count":4,"href":"http:\/\/lumikukka.de\/index.php?rest_route=\/wp\/v2\/pages\/4751\/revisions"}],"predecessor-version":[{"id":4781,"href":"http:\/\/lumikukka.de\/index.php?rest_route=\/wp\/v2\/pages\/4751\/revisions\/4781"}],"up":[{"embeddable":true,"href":"http:\/\/lumikukka.de\/index.php?rest_route=\/wp\/v2\/pages\/4665"}],"wp:attachment":[{"href":"http:\/\/lumikukka.de\/index.php?rest_route=%2Fwp%2Fv2%2Fmedia&parent=4751"}],"curies":[{"name":"wp","href":"https:\/\/api.w.org\/{rel}","templated":true}]}}