{"id":1475,"date":"2014-05-11T19:09:35","date_gmt":"2014-05-11T17:09:35","guid":{"rendered":"http:\/\/lumikukka.de\/?page_id=1475"},"modified":"2014-06-24T05:36:36","modified_gmt":"2014-06-24T03:36:36","slug":"rennsteig-thueringer-wald","status":"publish","type":"page","link":"https:\/\/lumikukka.de\/?page_id=1475","title":{"rendered":"Rennsteig \/ Th\u00fcringer Wald"},"content":{"rendered":"<p>Donnerstag, 1. Mai 2014<\/p>\n<p>Wir starten sehr fr\u00fch\u00a0in den nebeligen Morgen und fahren nach Eisenach. Als weitere Vorbereitung auf unseren USA Urlaub und die dortige Wanderwoche wollen wir in 4 Tagen einen Teil des Rennsteigs im Th\u00fcringer Wald\u00a0wandern. In Eisenach stellen wir das Auto am Bahnhof ab und fahren mit der Regiobahn nach H\u00f6rschel. Hier beginnt der Rennsteig am Ufer der Werra.<\/p>\n<p>Der Nebel lichtet sich im Laufe des Vormittag und wir bekommen sogar ein paar Sonnenstrahlen ab. Der Rennsteig selbst f\u00fchrt uns in stetigem Auf und Ab durch den Th\u00fcringer Wald. Leider besteht diese Etappe haupts\u00e4chlich aus platt gefahrenen Forstwegen. Sonderlich viel Spa\u00df macht das wandern darauf nicht, noch ist damit etwas spektakul\u00e4res zu berichten. Bei unserer 2. Pause an der Schutzh\u00fctte &#8222;Wilde Sau&#8220; h\u00f6ren wir Donnergrollen in der Ferne. In der Hoffnung, nichts davon abzubekommen, laufen wir weiter. Am fr\u00fchen Nachmittag aber erwischt es uns doch noch. Es regnet und regnet und regnet und scheint kein Ende finden zu wollen. Ca. 30 Minuten vor unserem Etappenziel &#8211; dem Campingplatz am Altenberger See in Wilhelmsthal &#8211; kommen an eine Schutzh\u00fctte. Hier spricht Alex das magische Wort &#8222;Kaffee&#8220; und er holt den Campingkocher raus und zaubert mir eine Tasse Kaffee und wir nutzen die Zeit, etwas zu trocknen und hoffen, dass der Regen nachl\u00e4sst. Leider ist das nicht so wirklich der Fall, also machen wir und einige Zeit sp\u00e4ter auf den restlichen Weg zum Campingplatz. Dor angekommen suchen wir die Rezeption und fragen, wo wir unser Zelt aufstellen k\u00f6nnen &#8211; immer noch in der Hoffnung, dass Petrus doch irgendwann noch Gnade mit uns hat und die Schleusen endlich schlie\u00dft. Leider hat Petrus nicht wirklich Erbarmen mit uns und wir kommen ernsthaft ans \u00dcberlegen, wie wir unsere Matten, Schlafs\u00e4cke und die wertvollen Dinge und uns ins Zelt und die mittlerweile pitschnassen Sachen wieder trocken bekommen sollen. Auch wissen wir nicht, wie wir bei dem Sauwetter unser Abendessen machen sollen und dabei stellt sich doch auch schon l\u00e4ngst der Hunger ein. wir entscheiden kurzerhand, dass wir im Restaurant etwas essen gehen und uns dabei etwas aufw\u00e4rmen. Da wir f\u00fcr unser Zeltproblem auch nach dem Essen noch keine L\u00f6sung haben und uns auch m\u00e4chtig kalt ist, entscheiden wir uns dazu, nochmal in die Rezeption zu gehen und zu fragen, ob vielleicht noch eine Wandererh\u00fctte frei ist und wir haben doch tats\u00e4chlich Gl\u00fcck. Der regen hat zwar zwischenzeitlich etwas nachgelassen, aber es ist ja immer noch alles pitschnass. Wir nehmen also die letzte freie H\u00fctte und tragen unser Zeug vom Zeltplatz dort hin. Hier gibt&#8217;s sogar eine kleine Terrasse, wo das Zelt \u00fcber Nacht trocknen kann. Wir trappieren nun alle nassen Sachen um die einzige Heizung in der H\u00fctte und g\u00f6nnen uns selbst ne hei\u00dfe Dusche, denn wir wollen ja nicht krank werden. Morgen geht&#8217;s dann hoffentlich trocken weiter&#8230;<\/p>\n<div id='gallery-1' class='gallery galleryid-1475 gallery-columns-5 gallery-size-thumbnail'><dl class='gallery-item'>\n\t\t\t<dt class='gallery-icon portrait'>\n\t\t\t\t<a href='https:\/\/lumikukka.de\/wp-content\/uploads\/2014\/05\/20140501-082703-WP_20140501_08_27_04_Pro.jpg'><img loading=\"lazy\" decoding=\"async\" width=\"150\" height=\"150\" src=\"https:\/\/lumikukka.de\/wp-content\/uploads\/2014\/05\/20140501-082703-WP_20140501_08_27_04_Pro-150x150.jpg\" class=\"attachment-thumbnail size-thumbnail\" alt=\"\" \/><\/a>\n\t\t\t<\/dt><\/dl><dl class='gallery-item'>\n\t\t\t<dt class='gallery-icon landscape'>\n\t\t\t\t<a href='https:\/\/lumikukka.de\/wp-content\/uploads\/2014\/05\/20140501-072859-DSC_4965.jpg'><img loading=\"lazy\" decoding=\"async\" width=\"150\" height=\"150\" src=\"https:\/\/lumikukka.de\/wp-content\/uploads\/2014\/05\/20140501-072859-DSC_4965-150x150.jpg\" class=\"attachment-thumbnail size-thumbnail\" alt=\"\" \/><\/a>\n\t\t\t<\/dt><\/dl><dl class='gallery-item'>\n\t\t\t<dt class='gallery-icon landscape'>\n\t\t\t\t<a href='https:\/\/lumikukka.de\/wp-content\/uploads\/2014\/05\/20140501-075522-DSC_0593.jpg'><img loading=\"lazy\" decoding=\"async\" width=\"150\" height=\"150\" src=\"https:\/\/lumikukka.de\/wp-content\/uploads\/2014\/05\/20140501-075522-DSC_0593-150x150.jpg\" class=\"attachment-thumbnail size-thumbnail\" alt=\"\" \/><\/a>\n\t\t\t<\/dt><\/dl><dl class='gallery-item'>\n\t\t\t<dt class='gallery-icon portrait'>\n\t\t\t\t<a href='https:\/\/lumikukka.de\/wp-content\/uploads\/2014\/05\/20140501-075536-DSC_0595.jpg'><img loading=\"lazy\" decoding=\"async\" width=\"150\" height=\"150\" src=\"https:\/\/lumikukka.de\/wp-content\/uploads\/2014\/05\/20140501-075536-DSC_0595-150x150.jpg\" class=\"attachment-thumbnail size-thumbnail\" alt=\"\" \/><\/a>\n\t\t\t<\/dt><\/dl><dl class='gallery-item'>\n\t\t\t<dt class='gallery-icon portrait'>\n\t\t\t\t<a href='https:\/\/lumikukka.de\/wp-content\/uploads\/2014\/05\/20140501-075545-DSC_0596.jpg'><img loading=\"lazy\" decoding=\"async\" width=\"150\" height=\"150\" src=\"https:\/\/lumikukka.de\/wp-content\/uploads\/2014\/05\/20140501-075545-DSC_0596-150x150.jpg\" class=\"attachment-thumbnail size-thumbnail\" alt=\"\" \/><\/a>\n\t\t\t<\/dt><\/dl><br style=\"clear: both\" \/><dl class='gallery-item'>\n\t\t\t<dt class='gallery-icon landscape'>\n\t\t\t\t<a href='https:\/\/lumikukka.de\/wp-content\/uploads\/2014\/05\/20140501-080535-DSC_0598.jpg'><img loading=\"lazy\" decoding=\"async\" width=\"150\" height=\"150\" src=\"https:\/\/lumikukka.de\/wp-content\/uploads\/2014\/05\/20140501-080535-DSC_0598-150x150.jpg\" class=\"attachment-thumbnail size-thumbnail\" alt=\"\" \/><\/a>\n\t\t\t<\/dt><\/dl><dl class='gallery-item'>\n\t\t\t<dt class='gallery-icon landscape'>\n\t\t\t\t<a href='https:\/\/lumikukka.de\/wp-content\/uploads\/2014\/05\/20140501-080842-DSC_0600.jpg'><img loading=\"lazy\" decoding=\"async\" width=\"150\" height=\"150\" src=\"https:\/\/lumikukka.de\/wp-content\/uploads\/2014\/05\/20140501-080842-DSC_0600-150x150.jpg\" class=\"attachment-thumbnail size-thumbnail\" alt=\"\" \/><\/a>\n\t\t\t<\/dt><\/dl><dl class='gallery-item'>\n\t\t\t<dt class='gallery-icon portrait'>\n\t\t\t\t<a href='https:\/\/lumikukka.de\/wp-content\/uploads\/2014\/05\/20140501-081352-DSC_0601.jpg'><img loading=\"lazy\" decoding=\"async\" width=\"150\" height=\"150\" src=\"https:\/\/lumikukka.de\/wp-content\/uploads\/2014\/05\/20140501-081352-DSC_0601-150x150.jpg\" class=\"attachment-thumbnail size-thumbnail\" alt=\"\" \/><\/a>\n\t\t\t<\/dt><\/dl><dl class='gallery-item'>\n\t\t\t<dt class='gallery-icon landscape'>\n\t\t\t\t<a href='https:\/\/lumikukka.de\/wp-content\/uploads\/2014\/05\/20140501-081410-DSC_0602.jpg'><img loading=\"lazy\" decoding=\"async\" width=\"150\" height=\"150\" src=\"https:\/\/lumikukka.de\/wp-content\/uploads\/2014\/05\/20140501-081410-DSC_0602-150x150.jpg\" class=\"attachment-thumbnail size-thumbnail\" alt=\"\" \/><\/a>\n\t\t\t<\/dt><\/dl><dl class='gallery-item'>\n\t\t\t<dt class='gallery-icon landscape'>\n\t\t\t\t<a href='https:\/\/lumikukka.de\/wp-content\/uploads\/2014\/05\/20140501-084608-DSC_0603.jpg'><img loading=\"lazy\" decoding=\"async\" width=\"150\" height=\"150\" src=\"https:\/\/lumikukka.de\/wp-content\/uploads\/2014\/05\/20140501-084608-DSC_0603-150x150.jpg\" class=\"attachment-thumbnail size-thumbnail\" alt=\"\" \/><\/a>\n\t\t\t<\/dt><\/dl><br style=\"clear: both\" \/><dl class='gallery-item'>\n\t\t\t<dt class='gallery-icon landscape'>\n\t\t\t\t<a href='https:\/\/lumikukka.de\/wp-content\/uploads\/2014\/05\/20140501-084635-DSC_0604.jpg'><img loading=\"lazy\" decoding=\"async\" width=\"150\" height=\"150\" src=\"https:\/\/lumikukka.de\/wp-content\/uploads\/2014\/05\/20140501-084635-DSC_0604-150x150.jpg\" class=\"attachment-thumbnail size-thumbnail\" alt=\"\" \/><\/a>\n\t\t\t<\/dt><\/dl><dl class='gallery-item'>\n\t\t\t<dt class='gallery-icon landscape'>\n\t\t\t\t<a href='https:\/\/lumikukka.de\/wp-content\/uploads\/2014\/05\/20140501-084650-DSC_0605.jpg'><img loading=\"lazy\" decoding=\"async\" width=\"150\" height=\"150\" src=\"https:\/\/lumikukka.de\/wp-content\/uploads\/2014\/05\/20140501-084650-DSC_0605-150x150.jpg\" class=\"attachment-thumbnail size-thumbnail\" alt=\"\" \/><\/a>\n\t\t\t<\/dt><\/dl><dl class='gallery-item'>\n\t\t\t<dt class='gallery-icon portrait'>\n\t\t\t\t<a href='https:\/\/lumikukka.de\/wp-content\/uploads\/2014\/05\/20140501-090008-DSC_0606.jpg'><img loading=\"lazy\" decoding=\"async\" width=\"150\" height=\"150\" src=\"https:\/\/lumikukka.de\/wp-content\/uploads\/2014\/05\/20140501-090008-DSC_0606-150x150.jpg\" class=\"attachment-thumbnail size-thumbnail\" alt=\"\" \/><\/a>\n\t\t\t<\/dt><\/dl><dl class='gallery-item'>\n\t\t\t<dt class='gallery-icon landscape'>\n\t\t\t\t<a href='https:\/\/lumikukka.de\/wp-content\/uploads\/2014\/05\/20140501-092253-DSC_0608.jpg'><img loading=\"lazy\" decoding=\"async\" width=\"150\" height=\"150\" src=\"https:\/\/lumikukka.de\/wp-content\/uploads\/2014\/05\/20140501-092253-DSC_0608-150x150.jpg\" class=\"attachment-thumbnail size-thumbnail\" alt=\"\" \/><\/a>\n\t\t\t<\/dt><\/dl><dl class='gallery-item'>\n\t\t\t<dt class='gallery-icon landscape'>\n\t\t\t\t<a href='https:\/\/lumikukka.de\/wp-content\/uploads\/2014\/05\/20140501-120704-DSC_0610.jpg'><img loading=\"lazy\" decoding=\"async\" width=\"150\" height=\"150\" src=\"https:\/\/lumikukka.de\/wp-content\/uploads\/2014\/05\/20140501-120704-DSC_0610-150x150.jpg\" class=\"attachment-thumbnail size-thumbnail\" alt=\"\" \/><\/a>\n\t\t\t<\/dt><\/dl><br style=\"clear: both\" \/><dl class='gallery-item'>\n\t\t\t<dt class='gallery-icon landscape'>\n\t\t\t\t<a href='https:\/\/lumikukka.de\/wp-content\/uploads\/2014\/05\/20140501-120644-DSC_4994.jpg'><img loading=\"lazy\" decoding=\"async\" width=\"150\" height=\"150\" src=\"https:\/\/lumikukka.de\/wp-content\/uploads\/2014\/05\/20140501-120644-DSC_4994-150x150.jpg\" class=\"attachment-thumbnail size-thumbnail\" alt=\"\" \/><\/a>\n\t\t\t<\/dt><\/dl><dl class='gallery-item'>\n\t\t\t<dt class='gallery-icon portrait'>\n\t\t\t\t<a href='https:\/\/lumikukka.de\/wp-content\/uploads\/2014\/05\/20140501-120706-DSC_4995.jpg'><img loading=\"lazy\" decoding=\"async\" width=\"150\" height=\"150\" src=\"https:\/\/lumikukka.de\/wp-content\/uploads\/2014\/05\/20140501-120706-DSC_4995-150x150.jpg\" class=\"attachment-thumbnail size-thumbnail\" alt=\"\" \/><\/a>\n\t\t\t<\/dt><\/dl><dl class='gallery-item'>\n\t\t\t<dt class='gallery-icon portrait'>\n\t\t\t\t<a href='https:\/\/lumikukka.de\/wp-content\/uploads\/2014\/05\/20140501-131009-WP_20140501_13_10_10_Pro.jpg'><img loading=\"lazy\" decoding=\"async\" width=\"150\" height=\"150\" src=\"https:\/\/lumikukka.de\/wp-content\/uploads\/2014\/05\/20140501-131009-WP_20140501_13_10_10_Pro-150x150.jpg\" class=\"attachment-thumbnail size-thumbnail\" alt=\"\" \/><\/a>\n\t\t\t<\/dt><\/dl><dl class='gallery-item'>\n\t\t\t<dt class='gallery-icon portrait'>\n\t\t\t\t<a href='https:\/\/lumikukka.de\/wp-content\/uploads\/2014\/05\/20140501-131009-WP_20140501_13_10_10_Pro__highres.jpg'><img loading=\"lazy\" decoding=\"async\" width=\"150\" height=\"150\" src=\"https:\/\/lumikukka.de\/wp-content\/uploads\/2014\/05\/20140501-131009-WP_20140501_13_10_10_Pro__highres-150x150.jpg\" class=\"attachment-thumbnail size-thumbnail\" alt=\"\" \/><\/a>\n\t\t\t<\/dt><\/dl><dl class='gallery-item'>\n\t\t\t<dt class='gallery-icon portrait'>\n\t\t\t\t<a href='https:\/\/lumikukka.de\/wp-content\/uploads\/2014\/05\/20140501-120954-DSC_5003.jpg'><img loading=\"lazy\" decoding=\"async\" width=\"150\" height=\"150\" src=\"https:\/\/lumikukka.de\/wp-content\/uploads\/2014\/05\/20140501-120954-DSC_5003-150x150.jpg\" class=\"attachment-thumbnail size-thumbnail\" alt=\"\" \/><\/a>\n\t\t\t<\/dt><\/dl><br style=\"clear: both\" \/><dl class='gallery-item'>\n\t\t\t<dt class='gallery-icon landscape'>\n\t\t\t\t<a href='https:\/\/lumikukka.de\/wp-content\/uploads\/2014\/05\/20140501-145116-WP_20140501_14_51_17_Pro.jpg'><img loading=\"lazy\" decoding=\"async\" width=\"150\" height=\"150\" src=\"https:\/\/lumikukka.de\/wp-content\/uploads\/2014\/05\/20140501-145116-WP_20140501_14_51_17_Pro-150x150.jpg\" class=\"attachment-thumbnail size-thumbnail\" alt=\"\" \/><\/a>\n\t\t\t<\/dt><\/dl><dl class='gallery-item'>\n\t\t\t<dt class='gallery-icon landscape'>\n\t\t\t\t<a href='https:\/\/lumikukka.de\/wp-content\/uploads\/2014\/05\/20140502-074530-DSC_0614.jpg'><img loading=\"lazy\" decoding=\"async\" width=\"150\" height=\"150\" src=\"https:\/\/lumikukka.de\/wp-content\/uploads\/2014\/05\/20140502-074530-DSC_0614-150x150.jpg\" class=\"attachment-thumbnail size-thumbnail\" alt=\"\" \/><\/a>\n\t\t\t<\/dt><\/dl><dl class='gallery-item'>\n\t\t\t<dt class='gallery-icon landscape'>\n\t\t\t\t<a href='https:\/\/lumikukka.de\/wp-content\/uploads\/2014\/05\/20140502-090355-WP_20140502_09_03_57_Pro.jpg'><img loading=\"lazy\" decoding=\"async\" width=\"150\" height=\"150\" src=\"https:\/\/lumikukka.de\/wp-content\/uploads\/2014\/05\/20140502-090355-WP_20140502_09_03_57_Pro-150x150.jpg\" class=\"attachment-thumbnail size-thumbnail\" alt=\"\" \/><\/a>\n\t\t\t<\/dt><\/dl>\n\t\t\t<br style='clear: both' \/>\n\t\t<\/div>\n\n<p>P.S. Der Regen hat doch tats\u00e4chlich aufgeh\u00f6rt &#8211; p\u00fcnktlich mit unserem Umzug in die Wandererh\u00fctte&#8230;<\/p>\n<p>Freitag, 3. Mai 2014<\/p>\n<p>Nachdem wir am n\u00e4chsten Morgen unsere \u00fcber Nacht gl\u00fccklicherweise mehr oder weniger getrocknete Ausr\u00fcstung wieder verstaut haben verlassen wir den Campingplatz wieder in Richtung Rennsteig. um diesen zu erreichen geht es erst mal eine Stunde lang mehrere hundert H\u00f6henmeter bergauf &#8211; also genau das, was wir trainieren wollen. Ein paar Kilometer nach dem Aufstieg erreichen wir die Ruhlaer H\u00fctte, wo wir erst mal ein kleines P\u00e4uschen einlegen. Danach verl\u00e4uft der Weg leicht h\u00fcgelig bis zum Fu\u00dfe des Gro\u00dfen\u00a0Inselsberges, wo uns nochmal ein knackiger Anstieg bevor steht. Oben angekommen sehen wir nichts als ein wei\u00dfe Wand. Die Geb\u00e4ude tauchen erst auf, wenn man schon fast mit der Nase dagegen stubst. Hier ober finden wir ein Restaurant mit zugeh\u00f6rigen Souveniershop, wo wir uns mit den obligatorischen Erinnerungsst\u00fccken versorgen bevor wir uns an den steilen und steinigen Abstieg machen. Unten gibt es eine Bushaltestelle, von der uns ein Bus zum Campingplatz in Georgenthal bringen soll. Die anderthalbe Stunde Wartezeit bis dahin \u00fcberbr\u00fccken wir mit Kaffee und Kuchen im nahe gelegenen Restaurant. P\u00fcnktlich kommt dann auch der Bus und der junge Fahrer bringt uns \u00fcber die engen, kurvigen und vernebelten Stra\u00dfen\u00a0sicher nach Georgenthal, obwohl sein Blick mehr auf seinem iPhone als auf der Stra\u00dfe ist. Da uns noch ein paar Kleinigkeiten f\u00fcr&#8217;s Abendessen fehlen und wir Lust auf einen Tee haben statten wir dem \u00f6rtlichen Supermarkt noch einen Besuch ab bevor wir am Campingplatz einchecken. Der Rest des Abend verl\u00e4uft nach Plan &#8211; Zelt aufbauen, Abendessen, Duschen und ab in den warmen Schlafsack, denn drau\u00dfen machen sich schon eisige Temperaturen breit.<\/p>\n<div id='gallery-2' class='gallery galleryid-1475 gallery-columns-4 gallery-size-thumbnail'><dl class='gallery-item'>\n\t\t\t<dt class='gallery-icon landscape'>\n\t\t\t\t<a href='https:\/\/lumikukka.de\/wp-content\/uploads\/2014\/05\/20140502-101805-WP_20140502_10_18_06_Pro__highres.jpg'><img loading=\"lazy\" decoding=\"async\" width=\"150\" height=\"150\" src=\"https:\/\/lumikukka.de\/wp-content\/uploads\/2014\/05\/20140502-101805-WP_20140502_10_18_06_Pro__highres-150x150.jpg\" class=\"attachment-thumbnail size-thumbnail\" alt=\"\" \/><\/a>\n\t\t\t<\/dt><\/dl><dl class='gallery-item'>\n\t\t\t<dt class='gallery-icon landscape'>\n\t\t\t\t<a href='https:\/\/lumikukka.de\/wp-content\/uploads\/2014\/05\/20140502-101822-WP_20140502_10_18_24_Pro.jpg'><img loading=\"lazy\" decoding=\"async\" width=\"150\" height=\"150\" src=\"https:\/\/lumikukka.de\/wp-content\/uploads\/2014\/05\/20140502-101822-WP_20140502_10_18_24_Pro-150x150.jpg\" class=\"attachment-thumbnail size-thumbnail\" alt=\"\" \/><\/a>\n\t\t\t<\/dt><\/dl><dl class='gallery-item'>\n\t\t\t<dt class='gallery-icon portrait'>\n\t\t\t\t<a href='https:\/\/lumikukka.de\/wp-content\/uploads\/2014\/05\/20140502-131238-WP_20140502_13_12_40_Pro__highres.jpg'><img loading=\"lazy\" decoding=\"async\" width=\"150\" height=\"150\" src=\"https:\/\/lumikukka.de\/wp-content\/uploads\/2014\/05\/20140502-131238-WP_20140502_13_12_40_Pro__highres-150x150.jpg\" class=\"attachment-thumbnail size-thumbnail\" alt=\"\" \/><\/a>\n\t\t\t<\/dt><\/dl><dl class='gallery-item'>\n\t\t\t<dt class='gallery-icon landscape'>\n\t\t\t\t<a href='https:\/\/lumikukka.de\/wp-content\/uploads\/2014\/05\/20140502-194108-WP_20140502_19_41_10_Pro.jpg'><img loading=\"lazy\" decoding=\"async\" width=\"150\" height=\"150\" src=\"https:\/\/lumikukka.de\/wp-content\/uploads\/2014\/05\/20140502-194108-WP_20140502_19_41_10_Pro-150x150.jpg\" class=\"attachment-thumbnail size-thumbnail\" alt=\"\" \/><\/a>\n\t\t\t<\/dt><\/dl><br style=\"clear: both\" \/>\n\t\t<\/div>\n\n<p>Die Nacht selbst ist im wahrsten Sinne des Wortes zu Kotzen. Mir geht es pl\u00f6tzlich sehr schlecht und ich muss mich mehrfach \u00fcbergeben.<\/p>\n<p>Samstag, 4. Mai 2014<\/p>\n<p>Der neue Morgen ist kalt, aber die Sonne l\u00e4sst sich schon hier und da blicken. Mir geht es noch nicht wirklich viel besser. Das Fr\u00fchst\u00fcck beruhigt meinen Magen auch\u00a0nicht und hin und wieder hab ich das Gef\u00fchl, mich wieder \u00fcbergeben zu m\u00fcssen. F\u00fcr heute steht eigentlich eine Etappe von 23 Kilometern an. Wir entscheiden aber, der Gesundheit Vorrang zu geben und brechen die Tour an dieser Stelle ab. Wir nutzen die n\u00e4chste M\u00f6glichkeit nach Eisenach zur\u00fcck, um dann mit dem Auto wieder nach Hause zu fahren.<\/p>\n","protected":false},"excerpt":{"rendered":"<p>Donnerstag, 1. Mai 2014 Wir starten sehr fr\u00fch\u00a0in den nebeligen Morgen und fahren nach Eisenach. Als weitere Vorbereitung auf unseren USA Urlaub und die dortige Wanderwoche wollen wir in 4 Tagen einen Teil des Rennsteigs im Th\u00fcringer Wald\u00a0wandern. In Eisenach &hellip; <a href=\"https:\/\/lumikukka.de\/?page_id=1475\">Weiterlesen <span class=\"meta-nav\">&rarr;<\/span><\/a><\/p>\n","protected":false},"author":2,"featured_media":0,"parent":977,"menu_order":2,"comment_status":"open","ping_status":"open","template":"","meta":{"footnotes":""},"class_list":["post-1475","page","type-page","status-publish","hentry"],"_links":{"self":[{"href":"https:\/\/lumikukka.de\/index.php?rest_route=\/wp\/v2\/pages\/1475","targetHints":{"allow":["GET"]}}],"collection":[{"href":"https:\/\/lumikukka.de\/index.php?rest_route=\/wp\/v2\/pages"}],"about":[{"href":"https:\/\/lumikukka.de\/index.php?rest_route=\/wp\/v2\/types\/page"}],"author":[{"embeddable":true,"href":"https:\/\/lumikukka.de\/index.php?rest_route=\/wp\/v2\/users\/2"}],"replies":[{"embeddable":true,"href":"https:\/\/lumikukka.de\/index.php?rest_route=%2Fwp%2Fv2%2Fcomments&post=1475"}],"version-history":[{"count":3,"href":"https:\/\/lumikukka.de\/index.php?rest_route=\/wp\/v2\/pages\/1475\/revisions"}],"predecessor-version":[{"id":1551,"href":"https:\/\/lumikukka.de\/index.php?rest_route=\/wp\/v2\/pages\/1475\/revisions\/1551"}],"up":[{"embeddable":true,"href":"https:\/\/lumikukka.de\/index.php?rest_route=\/wp\/v2\/pages\/977"}],"wp:attachment":[{"href":"https:\/\/lumikukka.de\/index.php?rest_route=%2Fwp%2Fv2%2Fmedia&parent=1475"}],"curies":[{"name":"wp","href":"https:\/\/api.w.org\/{rel}","templated":true}]}}