{"id":1671,"date":"2014-07-26T13:38:30","date_gmt":"2014-07-26T11:38:30","guid":{"rendered":"http:\/\/lumikukka.de\/?page_id=1671"},"modified":"2014-12-31T10:58:39","modified_gmt":"2014-12-31T08:58:39","slug":"usa-2014","status":"publish","type":"page","link":"https:\/\/lumikukka.de\/?page_id=1671","title":{"rendered":"USA 2014"},"content":{"rendered":"<p>Samstag, 14. Juni 2014<\/p>\n<p>Der\u00a0Wecker steht auf\u00a07 Uhr, was uns aber nicht davon abh\u00e4lt, vor lauter Aufregung schon um\u00a06 Uhr wach zu sein. Schnell noch ein st\u00e4rkendes Fr\u00fchst\u00fcck, die letzten Sachen gepackt und schon kann es &#8211; viel zu fr\u00fch &#8211; los gehen. Am Flughafen treffen wir uns mit Martin und Verena. Wir checken ein, zahlen unsere 75 \u20ac f\u00fcr 3 kg \u00dcbergep\u00e4ck und gehen dann noch etwas fr\u00fchst\u00fccken. Um 13:45 Uhr\u00a0geht unser erster Flieger \u00fcbern gro\u00dfen Teich nach New York, wo wir nach schier unendlich erscheinenden 9 Stunden ankommen. Dort m\u00fcssen wir uns erst einmal der ber\u00fchmt ber\u00fcchtigten Einreisebefragung stellen. Diese erweist sich dann doch als halb so wild (zum Gl\u00fcck konnten Alex und ich zusammen da durch)\u00a0und so sind wir schnell durch und geben unsere Koffer neu auf f\u00fcr den Anschlussflug nach Las Vegas. Wir \u00fcberbr\u00fccken die Wartezeit mit einem kleinen Snack bei Wendy&#8217;s bevor wir uns f\u00fcr weitere 5 Stunden in eine fliegende Blechb\u00fcchse setzen. Eine halbe Stunde vor Mitternacht befinden wir uns im Landeanflug \u00fcber dem Lichtermeer von Las Vegas. Kaum aus dem Flieger ausgestiegen werden wir schon von den ersten Gl\u00fcckspielautomaten begr\u00fc\u00dft. Das Abholen des Leihwagens dauert leider etwas l\u00e4nger und so bekommen wir recht wenig Schlaf in dieser Nacht im Super 8 Motel.<\/p>\n<p><a href=\"http:\/\/lumikukka.de\/?page_id=1698\">Las Vegas<\/a><\/p>\n<p><a href=\"http:\/\/lumikukka.de\/?page_id=1733\">Sequoia Nationalpark<\/a><\/p>\n<p><a href=\"http:\/\/lumikukka.de\/?page_id=1817\">Yosemite Nationalpark<\/a><\/p>\n<p><a href=\"http:\/\/lumikukka.de\/?page_id=1923\">San Francisco<\/a><\/p>\n<p><a href=\"http:\/\/lumikukka.de\/?page_id=2051\">Crater Lake und Haystack Rock<\/a><\/p>\n<p><a href=\"http:\/\/lumikukka.de\/?page_id=2132\">San Juan \/ Seattle<\/a><\/p>\n<p><a href=\"http:\/\/lumikukka.de\/?page_id=2305\">Columbia River<\/a><\/p>\n<p><a href=\"http:\/\/lumikukka.de\/?page_id=2336\">Yellowstone Nationalpark<\/a><\/p>\n<p><a href=\"http:\/\/lumikukka.de\/?page_id=2617\">Zion Nationalpark \/ Grafton \/ Antelope Canyon \/ Page<\/a><\/p>\n<p><a href=\"http:\/\/lumikukka.de\/?page_id=2624\">Grand Canyon \/ Route 66<\/a><\/p>\n<p><a href=\"http:\/\/lumikukka.de\/?page_id=2626\">Las Vegas \/ Death Valley \/ Lone Pine<\/a><\/p>\n<p><a href=\"http:\/\/lumikukka.de\/?page_id=3024\">Mount Whitney<\/a><\/p>\n<p>Independence \/ Las Vegas<\/p>\n","protected":false},"excerpt":{"rendered":"<p>Samstag, 14. Juni 2014 Der\u00a0Wecker steht auf\u00a07 Uhr, was uns aber nicht davon abh\u00e4lt, vor lauter Aufregung schon um\u00a06 Uhr wach zu sein. Schnell noch ein st\u00e4rkendes Fr\u00fchst\u00fcck, die letzten Sachen gepackt und schon kann es &#8211; viel zu fr\u00fch &hellip; <a href=\"https:\/\/lumikukka.de\/?page_id=1671\">Weiterlesen <span class=\"meta-nav\">&rarr;<\/span><\/a><\/p>\n","protected":false},"author":2,"featured_media":0,"parent":977,"menu_order":0,"comment_status":"open","ping_status":"open","template":"","meta":{"footnotes":""},"class_list":["post-1671","page","type-page","status-publish","hentry"],"_links":{"self":[{"href":"https:\/\/lumikukka.de\/index.php?rest_route=\/wp\/v2\/pages\/1671","targetHints":{"allow":["GET"]}}],"collection":[{"href":"https:\/\/lumikukka.de\/index.php?rest_route=\/wp\/v2\/pages"}],"about":[{"href":"https:\/\/lumikukka.de\/index.php?rest_route=\/wp\/v2\/types\/page"}],"author":[{"embeddable":true,"href":"https:\/\/lumikukka.de\/index.php?rest_route=\/wp\/v2\/users\/2"}],"replies":[{"embeddable":true,"href":"https:\/\/lumikukka.de\/index.php?rest_route=%2Fwp%2Fv2%2Fcomments&post=1671"}],"version-history":[{"count":35,"href":"https:\/\/lumikukka.de\/index.php?rest_route=\/wp\/v2\/pages\/1671\/revisions"}],"predecessor-version":[{"id":3346,"href":"https:\/\/lumikukka.de\/index.php?rest_route=\/wp\/v2\/pages\/1671\/revisions\/3346"}],"up":[{"embeddable":true,"href":"https:\/\/lumikukka.de\/index.php?rest_route=\/wp\/v2\/pages\/977"}],"wp:attachment":[{"href":"https:\/\/lumikukka.de\/index.php?rest_route=%2Fwp%2Fv2%2Fmedia&parent=1671"}],"curies":[{"name":"wp","href":"https:\/\/api.w.org\/{rel}","templated":true}]}}