{"id":2305,"date":"2014-09-17T22:36:52","date_gmt":"2014-09-17T20:36:52","guid":{"rendered":"http:\/\/lumikukka.de\/?page_id=2305"},"modified":"2014-09-17T22:36:52","modified_gmt":"2014-09-17T20:36:52","slug":"columbia-river","status":"publish","type":"page","link":"https:\/\/lumikukka.de\/?page_id=2305","title":{"rendered":"Columbia River"},"content":{"rendered":"<p>Donnerstag, 26. Juni 2014<\/p>\n<p>Die Fahrt f\u00fchrt uns \u00fcber Portland zum Columbia River und ein paar Stunden an ihm entlang. Laut unserem Reisef\u00fchrer gibt es auf dieser Strecke ca. 70 Wasserf\u00e4lle, wovon wir uns 2 ansehen &#8211; den Multnomah\u00a0Fall und die zweigeteilten Horsetail Falls. Um uns ein wenig die Beine zu vertreten gehen wir den kleinen Wanderweg zum Upper Horsetail Fall. Vor Pendelton verl\u00e4sst die Interstate 84 den Columbia River und f\u00fchrt durch weites Land. W\u00e4hrend unserer Fahrt passieren\u00a0wir die Grenze zu Idaho. Hier kann man sage und schreibe 75 MpH fahren. Entlang des Snake River, der sich so durch die Landschaft schl\u00e4ngelt, fahren wir noch bis ca. halb elf abends und suchen uns ein Motel f\u00fcr die Nacht.<\/p>\n<div id='gallery-1' class='gallery galleryid-2305 gallery-columns-6 gallery-size-thumbnail'><dl class='gallery-item'>\n\t\t\t<dt class='gallery-icon portrait'>\n\t\t\t\t<a href='https:\/\/lumikukka.de\/wp-content\/uploads\/2014\/09\/20140626-124048-DSC_2795.jpg'><img loading=\"lazy\" decoding=\"async\" width=\"150\" height=\"150\" src=\"https:\/\/lumikukka.de\/wp-content\/uploads\/2014\/09\/20140626-124048-DSC_2795-150x150.jpg\" class=\"attachment-thumbnail size-thumbnail\" alt=\"\" \/><\/a>\n\t\t\t<\/dt><\/dl><dl class='gallery-item'>\n\t\t\t<dt class='gallery-icon portrait'>\n\t\t\t\t<a href='https:\/\/lumikukka.de\/wp-content\/uploads\/2014\/09\/20140626-124114-DSC_2796.jpg'><img loading=\"lazy\" decoding=\"async\" width=\"150\" height=\"150\" src=\"https:\/\/lumikukka.de\/wp-content\/uploads\/2014\/09\/20140626-124114-DSC_2796-150x150.jpg\" class=\"attachment-thumbnail size-thumbnail\" alt=\"\" \/><\/a>\n\t\t\t<\/dt><\/dl><dl class='gallery-item'>\n\t\t\t<dt class='gallery-icon portrait'>\n\t\t\t\t<a href='https:\/\/lumikukka.de\/wp-content\/uploads\/2014\/09\/20140626-124900-DSC_2799.jpg'><img loading=\"lazy\" decoding=\"async\" width=\"150\" height=\"150\" src=\"https:\/\/lumikukka.de\/wp-content\/uploads\/2014\/09\/20140626-124900-DSC_2799-150x150.jpg\" class=\"attachment-thumbnail size-thumbnail\" alt=\"\" \/><\/a>\n\t\t\t<\/dt><\/dl><dl class='gallery-item'>\n\t\t\t<dt class='gallery-icon portrait'>\n\t\t\t\t<a href='https:\/\/lumikukka.de\/wp-content\/uploads\/2014\/09\/20140626-133417-DSC_2806.jpg'><img loading=\"lazy\" decoding=\"async\" width=\"150\" height=\"150\" src=\"https:\/\/lumikukka.de\/wp-content\/uploads\/2014\/09\/20140626-133417-DSC_2806-150x150.jpg\" class=\"attachment-thumbnail size-thumbnail\" alt=\"\" \/><\/a>\n\t\t\t<\/dt><\/dl><dl class='gallery-item'>\n\t\t\t<dt class='gallery-icon landscape'>\n\t\t\t\t<a href='https:\/\/lumikukka.de\/wp-content\/uploads\/2014\/09\/20140626-134643-DSC_2809.jpg'><img loading=\"lazy\" decoding=\"async\" width=\"150\" height=\"150\" src=\"https:\/\/lumikukka.de\/wp-content\/uploads\/2014\/09\/20140626-134643-DSC_2809-150x150.jpg\" class=\"attachment-thumbnail size-thumbnail\" alt=\"\" \/><\/a>\n\t\t\t<\/dt><\/dl><dl class='gallery-item'>\n\t\t\t<dt class='gallery-icon portrait'>\n\t\t\t\t<a href='https:\/\/lumikukka.de\/wp-content\/uploads\/2014\/09\/20140626-134858-DSC_2812.jpg'><img loading=\"lazy\" decoding=\"async\" width=\"150\" height=\"150\" src=\"https:\/\/lumikukka.de\/wp-content\/uploads\/2014\/09\/20140626-134858-DSC_2812-150x150.jpg\" class=\"attachment-thumbnail size-thumbnail\" alt=\"\" \/><\/a>\n\t\t\t<\/dt><\/dl><br style=\"clear: both\" \/><dl class='gallery-item'>\n\t\t\t<dt class='gallery-icon landscape'>\n\t\t\t\t<a href='https:\/\/lumikukka.de\/wp-content\/uploads\/2014\/09\/20140626-135029-DSC_2814.jpg'><img loading=\"lazy\" decoding=\"async\" width=\"150\" height=\"150\" src=\"https:\/\/lumikukka.de\/wp-content\/uploads\/2014\/09\/20140626-135029-DSC_2814-150x150.jpg\" class=\"attachment-thumbnail size-thumbnail\" alt=\"\" \/><\/a>\n\t\t\t<\/dt><\/dl><dl class='gallery-item'>\n\t\t\t<dt class='gallery-icon portrait'>\n\t\t\t\t<a href='https:\/\/lumikukka.de\/wp-content\/uploads\/2014\/09\/20140626-135102-DSC_2815.jpg'><img loading=\"lazy\" decoding=\"async\" width=\"150\" height=\"150\" src=\"https:\/\/lumikukka.de\/wp-content\/uploads\/2014\/09\/20140626-135102-DSC_2815-150x150.jpg\" class=\"attachment-thumbnail size-thumbnail\" alt=\"\" \/><\/a>\n\t\t\t<\/dt><\/dl><dl class='gallery-item'>\n\t\t\t<dt class='gallery-icon portrait'>\n\t\t\t\t<a href='https:\/\/lumikukka.de\/wp-content\/uploads\/2014\/09\/20140626-135129-DSC_2816.jpg'><img loading=\"lazy\" decoding=\"async\" width=\"150\" height=\"150\" src=\"https:\/\/lumikukka.de\/wp-content\/uploads\/2014\/09\/20140626-135129-DSC_2816-150x150.jpg\" class=\"attachment-thumbnail size-thumbnail\" alt=\"\" \/><\/a>\n\t\t\t<\/dt><\/dl><dl class='gallery-item'>\n\t\t\t<dt class='gallery-icon landscape'>\n\t\t\t\t<a href='https:\/\/lumikukka.de\/wp-content\/uploads\/2014\/09\/20140626-135217-DSC_2818.jpg'><img loading=\"lazy\" decoding=\"async\" width=\"150\" height=\"150\" src=\"https:\/\/lumikukka.de\/wp-content\/uploads\/2014\/09\/20140626-135217-DSC_2818-150x150.jpg\" class=\"attachment-thumbnail size-thumbnail\" alt=\"\" \/><\/a>\n\t\t\t<\/dt><\/dl><dl class='gallery-item'>\n\t\t\t<dt class='gallery-icon landscape'>\n\t\t\t\t<a href='https:\/\/lumikukka.de\/wp-content\/uploads\/2014\/09\/20140626-143735-DSC_2822.jpg'><img loading=\"lazy\" decoding=\"async\" width=\"150\" height=\"150\" src=\"https:\/\/lumikukka.de\/wp-content\/uploads\/2014\/09\/20140626-143735-DSC_2822-150x150.jpg\" class=\"attachment-thumbnail size-thumbnail\" alt=\"\" \/><\/a>\n\t\t\t<\/dt><\/dl><dl class='gallery-item'>\n\t\t\t<dt class='gallery-icon landscape'>\n\t\t\t\t<a href='https:\/\/lumikukka.de\/wp-content\/uploads\/2014\/09\/WP_20140626_14_44_14_Pro.jpg'><img loading=\"lazy\" decoding=\"async\" width=\"150\" height=\"150\" src=\"https:\/\/lumikukka.de\/wp-content\/uploads\/2014\/09\/WP_20140626_14_44_14_Pro-150x150.jpg\" class=\"attachment-thumbnail size-thumbnail\" alt=\"\" \/><\/a>\n\t\t\t<\/dt><\/dl><br style=\"clear: both\" \/><dl class='gallery-item'>\n\t\t\t<dt class='gallery-icon landscape'>\n\t\t\t\t<a href='https:\/\/lumikukka.de\/wp-content\/uploads\/2014\/09\/20140626-153323-DSC_2828.jpg'><img loading=\"lazy\" decoding=\"async\" width=\"150\" height=\"150\" src=\"https:\/\/lumikukka.de\/wp-content\/uploads\/2014\/09\/20140626-153323-DSC_2828-150x150.jpg\" class=\"attachment-thumbnail size-thumbnail\" alt=\"\" \/><\/a>\n\t\t\t<\/dt><\/dl><dl class='gallery-item'>\n\t\t\t<dt class='gallery-icon landscape'>\n\t\t\t\t<a href='https:\/\/lumikukka.de\/wp-content\/uploads\/2014\/09\/20140626-153408-DSC_2831.jpg'><img loading=\"lazy\" decoding=\"async\" width=\"150\" height=\"150\" src=\"https:\/\/lumikukka.de\/wp-content\/uploads\/2014\/09\/20140626-153408-DSC_2831-150x150.jpg\" class=\"attachment-thumbnail size-thumbnail\" alt=\"\" \/><\/a>\n\t\t\t<\/dt><\/dl><dl class='gallery-item'>\n\t\t\t<dt class='gallery-icon landscape'>\n\t\t\t\t<a href='https:\/\/lumikukka.de\/wp-content\/uploads\/2014\/09\/20140626-162112-DSC_2834.jpg'><img loading=\"lazy\" decoding=\"async\" width=\"150\" height=\"150\" src=\"https:\/\/lumikukka.de\/wp-content\/uploads\/2014\/09\/20140626-162112-DSC_2834-150x150.jpg\" class=\"attachment-thumbnail size-thumbnail\" alt=\"\" \/><\/a>\n\t\t\t<\/dt><\/dl><dl class='gallery-item'>\n\t\t\t<dt class='gallery-icon landscape'>\n\t\t\t\t<a href='https:\/\/lumikukka.de\/wp-content\/uploads\/2014\/09\/20140626-162615-DSC_2845.jpg'><img loading=\"lazy\" decoding=\"async\" width=\"150\" height=\"150\" src=\"https:\/\/lumikukka.de\/wp-content\/uploads\/2014\/09\/20140626-162615-DSC_2845-150x150.jpg\" class=\"attachment-thumbnail size-thumbnail\" alt=\"\" \/><\/a>\n\t\t\t<\/dt><\/dl><dl class='gallery-item'>\n\t\t\t<dt class='gallery-icon landscape'>\n\t\t\t\t<a href='https:\/\/lumikukka.de\/wp-content\/uploads\/2014\/09\/20140626-171654-DSC_2856.jpg'><img loading=\"lazy\" decoding=\"async\" width=\"150\" height=\"150\" src=\"https:\/\/lumikukka.de\/wp-content\/uploads\/2014\/09\/20140626-171654-DSC_2856-150x150.jpg\" class=\"attachment-thumbnail size-thumbnail\" alt=\"\" \/><\/a>\n\t\t\t<\/dt><\/dl><dl class='gallery-item'>\n\t\t\t<dt class='gallery-icon portrait'>\n\t\t\t\t<a href='https:\/\/lumikukka.de\/wp-content\/uploads\/2014\/09\/WP_20140626_17_36_34_Pro.jpg'><img loading=\"lazy\" decoding=\"async\" width=\"150\" height=\"150\" src=\"https:\/\/lumikukka.de\/wp-content\/uploads\/2014\/09\/WP_20140626_17_36_34_Pro-150x150.jpg\" class=\"attachment-thumbnail size-thumbnail\" alt=\"\" \/><\/a>\n\t\t\t<\/dt><\/dl><br style=\"clear: both\" \/><dl class='gallery-item'>\n\t\t\t<dt class='gallery-icon landscape'>\n\t\t\t\t<a href='https:\/\/lumikukka.de\/wp-content\/uploads\/2014\/09\/WP_20140626_17_58_36_Pro.jpg'><img loading=\"lazy\" decoding=\"async\" width=\"150\" height=\"150\" src=\"https:\/\/lumikukka.de\/wp-content\/uploads\/2014\/09\/WP_20140626_17_58_36_Pro-150x150.jpg\" class=\"attachment-thumbnail size-thumbnail\" alt=\"\" \/><\/a>\n\t\t\t<\/dt><\/dl><dl class='gallery-item'>\n\t\t\t<dt class='gallery-icon landscape'>\n\t\t\t\t<a href='https:\/\/lumikukka.de\/wp-content\/uploads\/2014\/09\/20140626-180021-DSC_2867.jpg'><img loading=\"lazy\" decoding=\"async\" width=\"150\" height=\"150\" src=\"https:\/\/lumikukka.de\/wp-content\/uploads\/2014\/09\/20140626-180021-DSC_2867-150x150.jpg\" class=\"attachment-thumbnail size-thumbnail\" alt=\"\" \/><\/a>\n\t\t\t<\/dt><\/dl><dl class='gallery-item'>\n\t\t\t<dt class='gallery-icon landscape'>\n\t\t\t\t<a href='https:\/\/lumikukka.de\/wp-content\/uploads\/2014\/09\/20140626-180556-DSC_2874.jpg'><img loading=\"lazy\" decoding=\"async\" width=\"150\" height=\"150\" src=\"https:\/\/lumikukka.de\/wp-content\/uploads\/2014\/09\/20140626-180556-DSC_2874-150x150.jpg\" class=\"attachment-thumbnail size-thumbnail\" alt=\"\" \/><\/a>\n\t\t\t<\/dt><\/dl><dl class='gallery-item'>\n\t\t\t<dt class='gallery-icon landscape'>\n\t\t\t\t<a href='https:\/\/lumikukka.de\/wp-content\/uploads\/2014\/09\/20140626-183053-DSC_2876.jpg'><img loading=\"lazy\" decoding=\"async\" width=\"150\" height=\"150\" src=\"https:\/\/lumikukka.de\/wp-content\/uploads\/2014\/09\/20140626-183053-DSC_2876-150x150.jpg\" class=\"attachment-thumbnail size-thumbnail\" alt=\"\" \/><\/a>\n\t\t\t<\/dt><\/dl><dl class='gallery-item'>\n\t\t\t<dt class='gallery-icon portrait'>\n\t\t\t\t<a href='https:\/\/lumikukka.de\/wp-content\/uploads\/2014\/09\/WP_20140627_07_52_42_Pro.jpg'><img loading=\"lazy\" decoding=\"async\" width=\"150\" height=\"150\" src=\"https:\/\/lumikukka.de\/wp-content\/uploads\/2014\/09\/WP_20140627_07_52_42_Pro-150x150.jpg\" class=\"attachment-thumbnail size-thumbnail\" alt=\"\" \/><\/a>\n\t\t\t<\/dt><\/dl>\n\t\t\t<br style='clear: both' \/>\n\t\t<\/div>\n\n<p>&nbsp;<\/p>\n","protected":false},"excerpt":{"rendered":"<p>Donnerstag, 26. Juni 2014 Die Fahrt f\u00fchrt uns \u00fcber Portland zum Columbia River und ein paar Stunden an ihm entlang. Laut unserem Reisef\u00fchrer gibt es auf dieser Strecke ca. 70 Wasserf\u00e4lle, wovon wir uns 2 ansehen &#8211; den Multnomah\u00a0Fall und &hellip; <a href=\"https:\/\/lumikukka.de\/?page_id=2305\">Weiterlesen <span class=\"meta-nav\">&rarr;<\/span><\/a><\/p>\n","protected":false},"author":2,"featured_media":0,"parent":1671,"menu_order":6,"comment_status":"open","ping_status":"open","template":"","meta":{"footnotes":""},"class_list":["post-2305","page","type-page","status-publish","hentry"],"_links":{"self":[{"href":"https:\/\/lumikukka.de\/index.php?rest_route=\/wp\/v2\/pages\/2305","targetHints":{"allow":["GET"]}}],"collection":[{"href":"https:\/\/lumikukka.de\/index.php?rest_route=\/wp\/v2\/pages"}],"about":[{"href":"https:\/\/lumikukka.de\/index.php?rest_route=\/wp\/v2\/types\/page"}],"author":[{"embeddable":true,"href":"https:\/\/lumikukka.de\/index.php?rest_route=\/wp\/v2\/users\/2"}],"replies":[{"embeddable":true,"href":"https:\/\/lumikukka.de\/index.php?rest_route=%2Fwp%2Fv2%2Fcomments&post=2305"}],"version-history":[{"count":4,"href":"https:\/\/lumikukka.de\/index.php?rest_route=\/wp\/v2\/pages\/2305\/revisions"}],"predecessor-version":[{"id":2338,"href":"https:\/\/lumikukka.de\/index.php?rest_route=\/wp\/v2\/pages\/2305\/revisions\/2338"}],"up":[{"embeddable":true,"href":"https:\/\/lumikukka.de\/index.php?rest_route=\/wp\/v2\/pages\/1671"}],"wp:attachment":[{"href":"https:\/\/lumikukka.de\/index.php?rest_route=%2Fwp%2Fv2%2Fmedia&parent=2305"}],"curies":[{"name":"wp","href":"https:\/\/api.w.org\/{rel}","templated":true}]}}