{"id":4665,"date":"2019-06-20T12:34:21","date_gmt":"2019-06-20T10:34:21","guid":{"rendered":"http:\/\/lumikukka.de\/?page_id=4665"},"modified":"2019-07-07T22:40:59","modified_gmt":"2019-07-07T20:40:59","slug":"chile","status":"publish","type":"page","link":"https:\/\/lumikukka.de\/?page_id=4665","title":{"rendered":"Chile"},"content":{"rendered":"\n<p>Im letzten Jahr entschieden wir uns dazu, dass wir uns die n\u00e4chste Sonnenfinsternis ansehen wollen. Wir brachten in Erfahrung, dass die SoFi wohl am besten von Chile aus zu sehen sein soll. Also begannen wir eine kleine Reise durch Chile zu planen. Mit dabei sind Martin und Verena \u2013 mit ihnen waren wir ja vor 5 Jahren schon in den USA.<\/p>\n\n\n\n<p>Vor genau einem Jahr haben wir dann also die Fl\u00fcge gebucht. Im Januar sa\u00dfen wir dann nochmal zusammen und besprachen, welche Ziele man sich noch so ansehen k\u00f6nnte \u2013 allem voran mussten Touren zu Pinguinen und Flamingos, dem h\u00f6chst gelegenen Geysirfeld der Welt am Rande der Atacama und in die Atacama selbst, der trockensten W\u00fcste der Erde, geplant werden.<\/p>\n\n\n\n<p>Ein paar Tage bevor es dann los geht haben wir noch die letzten Sachen besorgt und schon mal die Koffer vor gepackt.<\/p>\n\n\n\n<p>Ups, wie schnell die Zeit vergeht. In 12 Stunden hebt der erste Flieger \u2013 hoffentlich mit uns an Board \u2013 nach Amsterdam ab\u2026<\/p>\n\n\n\n<p>\u2026 12 Stunden sp\u00e4ter \u2013 18. Juni 2019 \u2026 Die KLM bringt uns zun\u00e4chst nach Amsterdam. Hier haben wir einen l\u00e4ngeren Aufenthalt, sodass wir die Zeit nutzen und nicht nur am Flughafen rum lungern, sondern nach Amsterdam rein fahren. In Amsterdam machen wir eine Grachtenfahrt, gehen bei Madame Pancake leckere Pancakes essen und vertreten uns noch ein wenig die Beine bevor wir wieder zum Flughafen zur\u00fcck m\u00fcssen.<\/p>\n\n\n\n<figure class=\"wp-block-image\"><img loading=\"lazy\" decoding=\"async\" width=\"1024\" height=\"768\" src=\"http:\/\/lumikukka.de\/wp-content\/uploads\/2019\/06\/IMG_20190618_151647-1024x768.jpg\" alt=\"\" class=\"wp-image-4659\" srcset=\"https:\/\/lumikukka.de\/wp-content\/uploads\/2019\/06\/IMG_20190618_151647-1024x768.jpg 1024w, https:\/\/lumikukka.de\/wp-content\/uploads\/2019\/06\/IMG_20190618_151647-300x225.jpg 300w, https:\/\/lumikukka.de\/wp-content\/uploads\/2019\/06\/IMG_20190618_151647-768x576.jpg 768w\" sizes=\"auto, (max-width: 1024px) 100vw, 1024px\" \/><\/figure>\n\n\n\n<p><a href=\"http:\/\/lumikukka.de\/?page_id=4669\">Valpara\u00edso<\/a><\/p>\n\n\n\n<p><a href=\"http:\/\/lumikukka.de\/?page_id=4701\">La Serena<\/a><\/p>\n\n\n\n<p><a href=\"http:\/\/lumikukka.de\/?page_id=4722\">Fahrt nach San Pedro<\/a><\/p>\n\n\n\n<p><a href=\"http:\/\/lumikukka.de\/?page_id=4724\">San Pedro de Atacama<\/a><\/p>\n\n\n\n<p><a href=\"http:\/\/lumikukka.de\/?page_id=4751\">R\u00fcckfahrt nach La Serena<\/a><\/p>\n\n\n\n<p><a href=\"http:\/\/lumikukka.de\/?page_id=4762\">Sonnenfinsternis<\/a><\/p>\n\n\n\n<p><a href=\"http:\/\/lumikukka.de\/?page_id=4766\">Santiago<\/a><\/p>\n\n\n\n<p><\/p>\n\n\n\n<p><\/p>\n","protected":false},"excerpt":{"rendered":"<p>Im letzten Jahr entschieden wir uns dazu, dass wir uns die n\u00e4chste Sonnenfinsternis ansehen wollen. Wir brachten in Erfahrung, dass die SoFi wohl am besten von Chile aus zu sehen sein soll. Also begannen wir eine kleine Reise durch Chile &hellip; <a href=\"https:\/\/lumikukka.de\/?page_id=4665\">Weiterlesen <span class=\"meta-nav\">&rarr;<\/span><\/a><\/p>\n","protected":false},"author":2,"featured_media":0,"parent":4663,"menu_order":0,"comment_status":"closed","ping_status":"closed","template":"","meta":{"footnotes":""},"class_list":["post-4665","page","type-page","status-publish","hentry"],"_links":{"self":[{"href":"https:\/\/lumikukka.de\/index.php?rest_route=\/wp\/v2\/pages\/4665","targetHints":{"allow":["GET"]}}],"collection":[{"href":"https:\/\/lumikukka.de\/index.php?rest_route=\/wp\/v2\/pages"}],"about":[{"href":"https:\/\/lumikukka.de\/index.php?rest_route=\/wp\/v2\/types\/page"}],"author":[{"embeddable":true,"href":"https:\/\/lumikukka.de\/index.php?rest_route=\/wp\/v2\/users\/2"}],"replies":[{"embeddable":true,"href":"https:\/\/lumikukka.de\/index.php?rest_route=%2Fwp%2Fv2%2Fcomments&post=4665"}],"version-history":[{"count":15,"href":"https:\/\/lumikukka.de\/index.php?rest_route=\/wp\/v2\/pages\/4665\/revisions"}],"predecessor-version":[{"id":4788,"href":"https:\/\/lumikukka.de\/index.php?rest_route=\/wp\/v2\/pages\/4665\/revisions\/4788"}],"up":[{"embeddable":true,"href":"https:\/\/lumikukka.de\/index.php?rest_route=\/wp\/v2\/pages\/4663"}],"wp:attachment":[{"href":"https:\/\/lumikukka.de\/index.php?rest_route=%2Fwp%2Fv2%2Fmedia&parent=4665"}],"curies":[{"name":"wp","href":"https:\/\/api.w.org\/{rel}","templated":true}]}}