{"id":4669,"date":"2019-06-20T12:41:54","date_gmt":"2019-06-20T10:41:54","guid":{"rendered":"http:\/\/lumikukka.de\/?page_id=4669"},"modified":"2019-06-23T02:02:32","modified_gmt":"2019-06-23T00:02:32","slug":"valparaiso","status":"publish","type":"page","link":"https:\/\/lumikukka.de\/?page_id=4669","title":{"rendered":"Valpara\u00edso"},"content":{"rendered":"\n<p>In Valpara\u00edso angekommen beziehen wir erstmal unser Hotel im Kolonialstil, den es von au\u00dfen so gar nicht verr\u00e4t. Nach einer kleinen Pause und einer St\u00e4rkung erkunden wir die n\u00e4here Umgebung des Hotels mit vielen Treppen und Gassen und bunt bemalten H\u00e4uschen.<\/p>\n\n\n\n<figure class=\"wp-block-image\"><img loading=\"lazy\" decoding=\"async\" width=\"1024\" height=\"768\" src=\"http:\/\/lumikukka.de\/wp-content\/uploads\/2019\/06\/IMG_20190619_164520-1024x768.jpg\" alt=\"\" class=\"wp-image-4661\" srcset=\"https:\/\/lumikukka.de\/wp-content\/uploads\/2019\/06\/IMG_20190619_164520-1024x768.jpg 1024w, https:\/\/lumikukka.de\/wp-content\/uploads\/2019\/06\/IMG_20190619_164520-300x225.jpg 300w, https:\/\/lumikukka.de\/wp-content\/uploads\/2019\/06\/IMG_20190619_164520-768x576.jpg 768w\" sizes=\"auto, (max-width: 1024px) 100vw, 1024px\" \/><\/figure>\n\n\n\n<p>Die erste Attraktion am Donnerstag waren ein paar kleine freche Kolibris, die sich meistens nur dann gezeigt haben, wenn man gerade nicht durch den Sucher der Kamera geschaut hat &#8211; recht flinke kleine Biester \ud83d\ude09 Irgendwann geben wir auf und begeben uns runter an den Hafen, um mit der Metro zum Fischmarkt zu fahren. Im Reisef\u00fchrer haben wir gelesen, dass man dort nicht nur Fisch kaufen kann, sondern auch Seel\u00f6wen beobachten kann. Das wollen wir uns nat\u00fcrlich nicht entgehen lassen. Auch viele Pelikane, M\u00f6wen und Geier haben wir gesehen. Etwas durchgefroren von der steifen Brise des Pazifik geht&#8217;s wieder zur\u00fcck zum Hafen. Dort w\u00e4rmen wir uns erst einmal in einem Cafe auf. Wieder aufgew\u00e4rmt suchen wir uns ein Boot f\u00fcr ein kleine Rundfahrt &#8211; vielmehr findet der Besitzer des Bootes uns, denn wir laufen wie typische Touristen suchend rum. Auch wenn wir bei der Bootstour nicht wirklich was neues \u00fcber Valparaiso lernen konnten, war es doch ganz lustig und wir konnten nochmal ein paar Seel\u00f6wen und den ersten Pinguin sehen \ud83d\ude06 Ein zweites Mal gut durch gefroren geht&#8217;s nach einem kurzen Zwischenstopp in Hotel noch etwas Essen.<\/p>\n\n\n\n<figure class=\"wp-block-image\"><img loading=\"lazy\" decoding=\"async\" width=\"1024\" height=\"575\" src=\"http:\/\/lumikukka.de\/wp-content\/uploads\/2019\/06\/IMG-20190620-WA0002-1024x575.jpg\" alt=\"\" class=\"wp-image-4690\" srcset=\"https:\/\/lumikukka.de\/wp-content\/uploads\/2019\/06\/IMG-20190620-WA0002-1024x575.jpg 1024w, https:\/\/lumikukka.de\/wp-content\/uploads\/2019\/06\/IMG-20190620-WA0002-300x168.jpg 300w, https:\/\/lumikukka.de\/wp-content\/uploads\/2019\/06\/IMG-20190620-WA0002-768x431.jpg 768w, https:\/\/lumikukka.de\/wp-content\/uploads\/2019\/06\/IMG-20190620-WA0002.jpg 1600w\" sizes=\"auto, (max-width: 1024px) 100vw, 1024px\" \/><\/figure>\n\n\n\n<p>Am n\u00e4chsten Tag sind wir nach dem Fr\u00fchst\u00fcck wieder mit der Metro zum Sporthafen gefahren. Hier wollen wir schauen, ob es die M\u00f6glichkeit zu einer Bootsfahrt nach Cachagua zu einer Pinguinkolonie gibt. Leider haben wir keinen Anbieter finden k\u00f6nnen also geht&#8217;s wieder zur\u00fcck in die City. Hier genie\u00dfen wir das stehte Auf und Ab der Stadt und schauen uns noch den alten Friedhof an. Nach einer kleinen St\u00e4rkung in einem Cafe schlendern wir noch etwas durch die Shops der Einheimischen.<\/p>\n\n\n\n<figure class=\"wp-block-image\"><img loading=\"lazy\" decoding=\"async\" width=\"1024\" height=\"540\" src=\"http:\/\/lumikukka.de\/wp-content\/uploads\/2019\/06\/IMG_20190621_130416-1024x540.jpg\" alt=\"\" class=\"wp-image-4696\" srcset=\"https:\/\/lumikukka.de\/wp-content\/uploads\/2019\/06\/IMG_20190621_130416-1024x540.jpg 1024w, https:\/\/lumikukka.de\/wp-content\/uploads\/2019\/06\/IMG_20190621_130416-300x158.jpg 300w, https:\/\/lumikukka.de\/wp-content\/uploads\/2019\/06\/IMG_20190621_130416-768x405.jpg 768w\" sizes=\"auto, (max-width: 1024px) 100vw, 1024px\" \/><\/figure>\n\n\n\n<figure class=\"wp-block-image\"><img loading=\"lazy\" decoding=\"async\" width=\"768\" height=\"1024\" src=\"http:\/\/lumikukka.de\/wp-content\/uploads\/2019\/06\/IMG_20190621_170018-768x1024.jpg\" alt=\"\" class=\"wp-image-4697\" srcset=\"https:\/\/lumikukka.de\/wp-content\/uploads\/2019\/06\/IMG_20190621_170018-768x1024.jpg 768w, https:\/\/lumikukka.de\/wp-content\/uploads\/2019\/06\/IMG_20190621_170018-225x300.jpg 225w\" sizes=\"auto, (max-width: 768px) 100vw, 768px\" \/><\/figure>\n","protected":false},"excerpt":{"rendered":"<p>In Valpara\u00edso angekommen beziehen wir erstmal unser Hotel im Kolonialstil, den es von au\u00dfen so gar nicht verr\u00e4t. Nach einer kleinen Pause und einer St\u00e4rkung erkunden wir die n\u00e4here Umgebung des Hotels mit vielen Treppen und Gassen und bunt bemalten &hellip; <a href=\"https:\/\/lumikukka.de\/?page_id=4669\">Weiterlesen <span class=\"meta-nav\">&rarr;<\/span><\/a><\/p>\n","protected":false},"author":2,"featured_media":0,"parent":4665,"menu_order":0,"comment_status":"closed","ping_status":"closed","template":"","meta":{"footnotes":""},"class_list":["post-4669","page","type-page","status-publish","hentry"],"_links":{"self":[{"href":"https:\/\/lumikukka.de\/index.php?rest_route=\/wp\/v2\/pages\/4669","targetHints":{"allow":["GET"]}}],"collection":[{"href":"https:\/\/lumikukka.de\/index.php?rest_route=\/wp\/v2\/pages"}],"about":[{"href":"https:\/\/lumikukka.de\/index.php?rest_route=\/wp\/v2\/types\/page"}],"author":[{"embeddable":true,"href":"https:\/\/lumikukka.de\/index.php?rest_route=\/wp\/v2\/users\/2"}],"replies":[{"embeddable":true,"href":"https:\/\/lumikukka.de\/index.php?rest_route=%2Fwp%2Fv2%2Fcomments&post=4669"}],"version-history":[{"count":6,"href":"https:\/\/lumikukka.de\/index.php?rest_route=\/wp\/v2\/pages\/4669\/revisions"}],"predecessor-version":[{"id":4698,"href":"https:\/\/lumikukka.de\/index.php?rest_route=\/wp\/v2\/pages\/4669\/revisions\/4698"}],"up":[{"embeddable":true,"href":"https:\/\/lumikukka.de\/index.php?rest_route=\/wp\/v2\/pages\/4665"}],"wp:attachment":[{"href":"https:\/\/lumikukka.de\/index.php?rest_route=%2Fwp%2Fv2%2Fmedia&parent=4669"}],"curies":[{"name":"wp","href":"https:\/\/api.w.org\/{rel}","templated":true}]}}