{"id":4701,"date":"2019-06-23T02:18:43","date_gmt":"2019-06-23T00:18:43","guid":{"rendered":"http:\/\/lumikukka.de\/?page_id=4701"},"modified":"2019-06-23T02:37:38","modified_gmt":"2019-06-23T00:37:38","slug":"la-serena-2","status":"publish","type":"page","link":"https:\/\/lumikukka.de\/?page_id=4701","title":{"rendered":"La Serena"},"content":{"rendered":"\n<p>Heute haben wir uns auf den Weg gen Norden gemacht. Einen kleinen Zwischenstopp haben wir in Cachagua eingelegt. Dort hofften wir wieder Pinguine zu sehen. Neben vielen M\u00f6wen, Reihern und Pelikanen sonnte sich auf einem Felsen doch tats\u00e4chlich ein kleines Dreiergr\u00fcppchen Pinguine. Dann ging&#8217;s auch schon 500 km und 3 Mautstationen weiter nach La Serena. Hier schauen wir morgen fr\u00fch nochmal nach einer M\u00f6glichkeit, eine Tour zu den Pinguinen machen zu k\u00f6nnen.<\/p>\n\n\n\n<figure class=\"wp-block-image\"><img loading=\"lazy\" decoding=\"async\" width=\"1024\" height=\"768\" src=\"http:\/\/lumikukka.de\/wp-content\/uploads\/2019\/06\/IMG_20190622_114938-1024x768.jpg\" alt=\"\" class=\"wp-image-4699\" srcset=\"https:\/\/lumikukka.de\/wp-content\/uploads\/2019\/06\/IMG_20190622_114938-1024x768.jpg 1024w, https:\/\/lumikukka.de\/wp-content\/uploads\/2019\/06\/IMG_20190622_114938-300x225.jpg 300w, https:\/\/lumikukka.de\/wp-content\/uploads\/2019\/06\/IMG_20190622_114938-768x576.jpg 768w\" sizes=\"auto, (max-width: 1024px) 100vw, 1024px\" \/><\/figure>\n\n\n\n<p><\/p>\n","protected":false},"excerpt":{"rendered":"<p>Heute haben wir uns auf den Weg gen Norden gemacht. Einen kleinen Zwischenstopp haben wir in Cachagua eingelegt. Dort hofften wir wieder Pinguine zu sehen. Neben vielen M\u00f6wen, Reihern und Pelikanen sonnte sich auf einem Felsen doch tats\u00e4chlich ein kleines &hellip; <a href=\"https:\/\/lumikukka.de\/?page_id=4701\">Weiterlesen <span class=\"meta-nav\">&rarr;<\/span><\/a><\/p>\n","protected":false},"author":2,"featured_media":0,"parent":4665,"menu_order":1,"comment_status":"closed","ping_status":"closed","template":"","meta":{"footnotes":""},"class_list":["post-4701","page","type-page","status-publish","hentry"],"_links":{"self":[{"href":"https:\/\/lumikukka.de\/index.php?rest_route=\/wp\/v2\/pages\/4701","targetHints":{"allow":["GET"]}}],"collection":[{"href":"https:\/\/lumikukka.de\/index.php?rest_route=\/wp\/v2\/pages"}],"about":[{"href":"https:\/\/lumikukka.de\/index.php?rest_route=\/wp\/v2\/types\/page"}],"author":[{"embeddable":true,"href":"https:\/\/lumikukka.de\/index.php?rest_route=\/wp\/v2\/users\/2"}],"replies":[{"embeddable":true,"href":"https:\/\/lumikukka.de\/index.php?rest_route=%2Fwp%2Fv2%2Fcomments&post=4701"}],"version-history":[{"count":1,"href":"https:\/\/lumikukka.de\/index.php?rest_route=\/wp\/v2\/pages\/4701\/revisions"}],"predecessor-version":[{"id":4702,"href":"https:\/\/lumikukka.de\/index.php?rest_route=\/wp\/v2\/pages\/4701\/revisions\/4702"}],"up":[{"embeddable":true,"href":"https:\/\/lumikukka.de\/index.php?rest_route=\/wp\/v2\/pages\/4665"}],"wp:attachment":[{"href":"https:\/\/lumikukka.de\/index.php?rest_route=%2Fwp%2Fv2%2Fmedia&parent=4701"}],"curies":[{"name":"wp","href":"https:\/\/api.w.org\/{rel}","templated":true}]}}