{"id":4722,"date":"2019-06-29T02:05:44","date_gmt":"2019-06-29T00:05:44","guid":{"rendered":"http:\/\/lumikukka.de\/?page_id=4722"},"modified":"2019-07-07T21:42:21","modified_gmt":"2019-07-07T19:42:21","slug":"fahrt-nach-san-pedro","status":"publish","type":"page","link":"https:\/\/lumikukka.de\/?page_id=4722","title":{"rendered":"Fahrt nach San Pedro"},"content":{"rendered":"\n<p>Die n\u00e4chsten beiden Tage verbringen wir haupts\u00e4chlich auf der Stra\u00dfe auf der Fahrt nach San Pedro. Am ersten Tag machen wir einen Zwischestopp in Punta de Choros. Von dort starten kleine Boote f\u00fcr die Touristen, die Pinguine sehen wollen, hinaus zu den beiden Inseln Isla Choros und Isla Damas, wo es eine reichhaltige Tierwelt, wie Seel\u00f6wen, Pelikane, Kormorane, L\u00f6wen und Humboldt-Pinguine zu bestaunen gibt. Die Pinguine waren leider nicht sehr zahlreich vetreten. Vielleicht befanden sie sich gerade alle auf dem Meer. Trotz allem war es eine gro\u00dfartige Tour. <br> Gegen Mittag setzen wir unsere Fahrt in Richtung San Pedro fort. Wir legen ein paar Fotstopps ein, da uns auf dem Weg Guanakos, Esel und F\u00fcchese begegnen. Am sp\u00e4ten Abend erreichen wir unsere Unterkunft, eine kleine H\u00fctte direkt am Pazifik, etwas n\u00f6rdlich von Chanaral. Dort genie\u00dfen wir noch den Anblick eines fantastischen Sternenhimmels mit Milchstra\u00dfe bevor es dann direkt ins Bett geht.<br> Am n\u00e4chsten Morgen setzen wir die nach San Pedro fort und kommen dort gegen 17 Uhr an.<\/p>\n\n\n","protected":false},"excerpt":{"rendered":"<p>Die n\u00e4chsten beiden Tage verbringen wir haupts\u00e4chlich auf der Stra\u00dfe auf der Fahrt nach San Pedro. Am ersten Tag machen wir einen Zwischestopp in Punta de Choros. Von dort starten kleine Boote f\u00fcr die Touristen, die Pinguine sehen wollen, hinaus &hellip; <a href=\"https:\/\/lumikukka.de\/?page_id=4722\">Weiterlesen <span class=\"meta-nav\">&rarr;<\/span><\/a><\/p>\n","protected":false},"author":2,"featured_media":0,"parent":4665,"menu_order":2,"comment_status":"closed","ping_status":"closed","template":"","meta":{"footnotes":""},"class_list":["post-4722","page","type-page","status-publish","hentry"],"_links":{"self":[{"href":"https:\/\/lumikukka.de\/index.php?rest_route=\/wp\/v2\/pages\/4722","targetHints":{"allow":["GET"]}}],"collection":[{"href":"https:\/\/lumikukka.de\/index.php?rest_route=\/wp\/v2\/pages"}],"about":[{"href":"https:\/\/lumikukka.de\/index.php?rest_route=\/wp\/v2\/types\/page"}],"author":[{"embeddable":true,"href":"https:\/\/lumikukka.de\/index.php?rest_route=\/wp\/v2\/users\/2"}],"replies":[{"embeddable":true,"href":"https:\/\/lumikukka.de\/index.php?rest_route=%2Fwp%2Fv2%2Fcomments&post=4722"}],"version-history":[{"count":1,"href":"https:\/\/lumikukka.de\/index.php?rest_route=\/wp\/v2\/pages\/4722\/revisions"}],"predecessor-version":[{"id":4725,"href":"https:\/\/lumikukka.de\/index.php?rest_route=\/wp\/v2\/pages\/4722\/revisions\/4725"}],"up":[{"embeddable":true,"href":"https:\/\/lumikukka.de\/index.php?rest_route=\/wp\/v2\/pages\/4665"}],"wp:attachment":[{"href":"https:\/\/lumikukka.de\/index.php?rest_route=%2Fwp%2Fv2%2Fmedia&parent=4722"}],"curies":[{"name":"wp","href":"https:\/\/api.w.org\/{rel}","templated":true}]}}