{"id":4766,"date":"2019-07-07T22:09:40","date_gmt":"2019-07-07T20:09:40","guid":{"rendered":"http:\/\/lumikukka.de\/?page_id=4766"},"modified":"2019-07-07T22:27:26","modified_gmt":"2019-07-07T20:27:26","slug":"santiago-de-chile","status":"publish","type":"page","link":"https:\/\/lumikukka.de\/?page_id=4766","title":{"rendered":"Santiago de Chile"},"content":{"rendered":"\n<p>Bevor es nach Hause geht verbringen wir noch einen Tag in Chiles Hauptstadt Santiago. Um von der Stadt in der kurzen Zeit so viel wie m\u00f6glich zu sehen buchen wir uns eine Hop On Hopp Off Tour. Diese f\u00fchrt uns in 2 1\/2 Stunden an den wichtigsten Sehensw\u00fcrdigkeiten vorbei, Zwischendurch steigen wir aus, um mit der Seilbahn auf Santiagos Hausberg San Crist\u00f3bal zu fahren. Auf dem Gipfel ragt eine gro\u00dfe Maria Statue in den Himmel und der Gipfel wird permanent mit christlicher Musik beschallt. Von dort oben hat man einen sagenhaften Ausblick auf Santiagos Skyline und die dahinter liegenden Anden. Mit dem Funicular geht es wieder nach unten, um die Bustour zu vollenden. Nach einem Abendessen im Hard Rock Caf\u00e9 war der Tag dann auch vorbei.<\/p>\n\n\n\n<figure class=\"wp-block-image\"><img loading=\"lazy\" decoding=\"async\" width=\"1024\" height=\"768\" src=\"http:\/\/lumikukka.de\/wp-content\/uploads\/2019\/07\/IMG_20190704_150703-1024x768.jpg\" alt=\"\" class=\"wp-image-4777\" srcset=\"https:\/\/lumikukka.de\/wp-content\/uploads\/2019\/07\/IMG_20190704_150703-1024x768.jpg 1024w, https:\/\/lumikukka.de\/wp-content\/uploads\/2019\/07\/IMG_20190704_150703-300x225.jpg 300w, https:\/\/lumikukka.de\/wp-content\/uploads\/2019\/07\/IMG_20190704_150703-768x576.jpg 768w\" sizes=\"auto, (max-width: 1024px) 100vw, 1024px\" \/><\/figure>\n\n\n\n<figure class=\"wp-block-image\"><img loading=\"lazy\" decoding=\"async\" width=\"768\" height=\"1024\" src=\"http:\/\/lumikukka.de\/wp-content\/uploads\/2019\/07\/IMG_20190704_151300-768x1024.jpg\" alt=\"\" class=\"wp-image-4776\" srcset=\"https:\/\/lumikukka.de\/wp-content\/uploads\/2019\/07\/IMG_20190704_151300-768x1024.jpg 768w, https:\/\/lumikukka.de\/wp-content\/uploads\/2019\/07\/IMG_20190704_151300-225x300.jpg 225w\" sizes=\"auto, (max-width: 768px) 100vw, 768px\" \/><\/figure>\n\n\n\n<figure class=\"wp-block-image\"><img loading=\"lazy\" decoding=\"async\" width=\"768\" height=\"1024\" src=\"http:\/\/lumikukka.de\/wp-content\/uploads\/2019\/07\/IMG_20190704_133432__01-768x1024.jpg\" alt=\"\" class=\"wp-image-4775\" srcset=\"https:\/\/lumikukka.de\/wp-content\/uploads\/2019\/07\/IMG_20190704_133432__01-768x1024.jpg 768w, https:\/\/lumikukka.de\/wp-content\/uploads\/2019\/07\/IMG_20190704_133432__01-225x300.jpg 225w\" sizes=\"auto, (max-width: 768px) 100vw, 768px\" \/><\/figure>\n","protected":false},"excerpt":{"rendered":"<p>Bevor es nach Hause geht verbringen wir noch einen Tag in Chiles Hauptstadt Santiago. Um von der Stadt in der kurzen Zeit so viel wie m\u00f6glich zu sehen buchen wir uns eine Hop On Hopp Off Tour. Diese f\u00fchrt uns &hellip; <a href=\"https:\/\/lumikukka.de\/?page_id=4766\">Weiterlesen <span class=\"meta-nav\">&rarr;<\/span><\/a><\/p>\n","protected":false},"author":2,"featured_media":0,"parent":4665,"menu_order":6,"comment_status":"closed","ping_status":"closed","template":"","meta":{"footnotes":""},"class_list":["post-4766","page","type-page","status-publish","hentry"],"_links":{"self":[{"href":"https:\/\/lumikukka.de\/index.php?rest_route=\/wp\/v2\/pages\/4766","targetHints":{"allow":["GET"]}}],"collection":[{"href":"https:\/\/lumikukka.de\/index.php?rest_route=\/wp\/v2\/pages"}],"about":[{"href":"https:\/\/lumikukka.de\/index.php?rest_route=\/wp\/v2\/types\/page"}],"author":[{"embeddable":true,"href":"https:\/\/lumikukka.de\/index.php?rest_route=\/wp\/v2\/users\/2"}],"replies":[{"embeddable":true,"href":"https:\/\/lumikukka.de\/index.php?rest_route=%2Fwp%2Fv2%2Fcomments&post=4766"}],"version-history":[{"count":2,"href":"https:\/\/lumikukka.de\/index.php?rest_route=\/wp\/v2\/pages\/4766\/revisions"}],"predecessor-version":[{"id":4783,"href":"https:\/\/lumikukka.de\/index.php?rest_route=\/wp\/v2\/pages\/4766\/revisions\/4783"}],"up":[{"embeddable":true,"href":"https:\/\/lumikukka.de\/index.php?rest_route=\/wp\/v2\/pages\/4665"}],"wp:attachment":[{"href":"https:\/\/lumikukka.de\/index.php?rest_route=%2Fwp%2Fv2%2Fmedia&parent=4766"}],"curies":[{"name":"wp","href":"https:\/\/api.w.org\/{rel}","templated":true}]}}