{"id":908,"date":"2013-10-28T21:54:54","date_gmt":"2013-10-28T19:54:54","guid":{"rendered":"http:\/\/lumikukka.de\/?page_id=908"},"modified":"2013-10-28T22:03:24","modified_gmt":"2013-10-28T20:03:24","slug":"rheinsteig-von-lorch-nach-ruedesheim","status":"publish","type":"page","link":"https:\/\/lumikukka.de\/?page_id=908","title":{"rendered":"Rheinsteig von Lorch nach R\u00fcdesheim"},"content":{"rendered":"<p>Mitte Oktober machen wir uns auf zur n\u00e4chsten Rheinsteigwanderung. Wir treffen uns mit Martin in R\u00fcdesheim, was wir noch nie so menschenleer gesehen haben. Wir fahren weiter nach Lorch &#8211; dort startet unsere Etappe \u00fcber ca. 20km zur\u00fcck nach R\u00fcdesheim. Am Niederwalddenkmal trennen sich unsere Wandererwege wieder, da Alex und ich den bequemeren Weg runter nach R\u00fcdesheim w\u00e4hlen. Wenn es die Seilbahn schon gibt &#8230;<\/p>\n<div id='gallery-1' class='gallery galleryid-908 gallery-columns-5 gallery-size-thumbnail'><dl class='gallery-item'>\n\t\t\t<dt class='gallery-icon portrait'>\n\t\t\t\t<a href='https:\/\/lumikukka.de\/wp-content\/uploads\/2013\/10\/20131020-083814-DSC_9574.jpg'><img loading=\"lazy\" decoding=\"async\" width=\"150\" height=\"150\" src=\"https:\/\/lumikukka.de\/wp-content\/uploads\/2013\/10\/20131020-083814-DSC_9574-150x150.jpg\" class=\"attachment-thumbnail size-thumbnail\" alt=\"\" \/><\/a>\n\t\t\t<\/dt><\/dl><dl class='gallery-item'>\n\t\t\t<dt class='gallery-icon portrait'>\n\t\t\t\t<a href='https:\/\/lumikukka.de\/wp-content\/uploads\/2013\/10\/20131020-083833-DSC_9575.jpg'><img loading=\"lazy\" decoding=\"async\" width=\"150\" height=\"150\" src=\"https:\/\/lumikukka.de\/wp-content\/uploads\/2013\/10\/20131020-083833-DSC_9575-150x150.jpg\" class=\"attachment-thumbnail size-thumbnail\" alt=\"\" \/><\/a>\n\t\t\t<\/dt><\/dl><dl class='gallery-item'>\n\t\t\t<dt class='gallery-icon portrait'>\n\t\t\t\t<a href='https:\/\/lumikukka.de\/wp-content\/uploads\/2013\/10\/20131020-084010-DSC_9576.jpg'><img loading=\"lazy\" decoding=\"async\" width=\"150\" height=\"150\" src=\"https:\/\/lumikukka.de\/wp-content\/uploads\/2013\/10\/20131020-084010-DSC_9576-150x150.jpg\" class=\"attachment-thumbnail size-thumbnail\" alt=\"\" \/><\/a>\n\t\t\t<\/dt><\/dl><dl class='gallery-item'>\n\t\t\t<dt class='gallery-icon portrait'>\n\t\t\t\t<a href='https:\/\/lumikukka.de\/wp-content\/uploads\/2013\/10\/20131020-084200-DSC_9578.jpg'><img loading=\"lazy\" decoding=\"async\" width=\"150\" height=\"150\" src=\"https:\/\/lumikukka.de\/wp-content\/uploads\/2013\/10\/20131020-084200-DSC_9578-150x150.jpg\" class=\"attachment-thumbnail size-thumbnail\" alt=\"\" \/><\/a>\n\t\t\t<\/dt><\/dl><dl class='gallery-item'>\n\t\t\t<dt class='gallery-icon landscape'>\n\t\t\t\t<a href='https:\/\/lumikukka.de\/wp-content\/uploads\/2013\/10\/20131020-084515-DSC_9580.jpg'><img loading=\"lazy\" decoding=\"async\" width=\"150\" height=\"150\" src=\"https:\/\/lumikukka.de\/wp-content\/uploads\/2013\/10\/20131020-084515-DSC_9580-150x150.jpg\" class=\"attachment-thumbnail size-thumbnail\" alt=\"\" \/><\/a>\n\t\t\t<\/dt><\/dl><br style=\"clear: both\" \/><dl class='gallery-item'>\n\t\t\t<dt class='gallery-icon portrait'>\n\t\t\t\t<a href='https:\/\/lumikukka.de\/wp-content\/uploads\/2013\/10\/20131020-095130-DSC_9581.jpg'><img loading=\"lazy\" decoding=\"async\" width=\"150\" height=\"150\" src=\"https:\/\/lumikukka.de\/wp-content\/uploads\/2013\/10\/20131020-095130-DSC_9581-150x150.jpg\" class=\"attachment-thumbnail size-thumbnail\" alt=\"\" \/><\/a>\n\t\t\t<\/dt><\/dl><dl class='gallery-item'>\n\t\t\t<dt class='gallery-icon landscape'>\n\t\t\t\t<a href='https:\/\/lumikukka.de\/wp-content\/uploads\/2013\/10\/20131020-100615-DSC_9584.jpg'><img loading=\"lazy\" decoding=\"async\" width=\"150\" height=\"150\" src=\"https:\/\/lumikukka.de\/wp-content\/uploads\/2013\/10\/20131020-100615-DSC_9584-150x150.jpg\" class=\"attachment-thumbnail size-thumbnail\" alt=\"\" \/><\/a>\n\t\t\t<\/dt><\/dl><dl class='gallery-item'>\n\t\t\t<dt class='gallery-icon landscape'>\n\t\t\t\t<a href='https:\/\/lumikukka.de\/wp-content\/uploads\/2013\/10\/20131020-102424-DSC_9592.jpg'><img loading=\"lazy\" decoding=\"async\" width=\"150\" height=\"150\" src=\"https:\/\/lumikukka.de\/wp-content\/uploads\/2013\/10\/20131020-102424-DSC_9592-150x150.jpg\" class=\"attachment-thumbnail size-thumbnail\" alt=\"\" \/><\/a>\n\t\t\t<\/dt><\/dl><dl class='gallery-item'>\n\t\t\t<dt class='gallery-icon portrait'>\n\t\t\t\t<a href='https:\/\/lumikukka.de\/wp-content\/uploads\/2013\/10\/20131020-104600-DSC_9599.jpg'><img loading=\"lazy\" decoding=\"async\" width=\"150\" height=\"150\" src=\"https:\/\/lumikukka.de\/wp-content\/uploads\/2013\/10\/20131020-104600-DSC_9599-150x150.jpg\" class=\"attachment-thumbnail size-thumbnail\" alt=\"\" \/><\/a>\n\t\t\t<\/dt><\/dl><dl class='gallery-item'>\n\t\t\t<dt class='gallery-icon landscape'>\n\t\t\t\t<a href='https:\/\/lumikukka.de\/wp-content\/uploads\/2013\/10\/20131020-104757-DSC_9603.jpg'><img loading=\"lazy\" decoding=\"async\" width=\"150\" height=\"150\" src=\"https:\/\/lumikukka.de\/wp-content\/uploads\/2013\/10\/20131020-104757-DSC_9603-150x150.jpg\" class=\"attachment-thumbnail size-thumbnail\" alt=\"\" \/><\/a>\n\t\t\t<\/dt><\/dl><br style=\"clear: both\" \/><dl class='gallery-item'>\n\t\t\t<dt class='gallery-icon portrait'>\n\t\t\t\t<a href='https:\/\/lumikukka.de\/wp-content\/uploads\/2013\/10\/20131020-112303-DSC_9604.jpg'><img loading=\"lazy\" decoding=\"async\" width=\"150\" height=\"150\" src=\"https:\/\/lumikukka.de\/wp-content\/uploads\/2013\/10\/20131020-112303-DSC_9604-150x150.jpg\" class=\"attachment-thumbnail size-thumbnail\" alt=\"\" \/><\/a>\n\t\t\t<\/dt><\/dl><dl class='gallery-item'>\n\t\t\t<dt class='gallery-icon landscape'>\n\t\t\t\t<a href='https:\/\/lumikukka.de\/wp-content\/uploads\/2013\/10\/20131020-123856-DSC_9608.jpg'><img loading=\"lazy\" decoding=\"async\" width=\"150\" height=\"150\" src=\"https:\/\/lumikukka.de\/wp-content\/uploads\/2013\/10\/20131020-123856-DSC_9608-150x150.jpg\" class=\"attachment-thumbnail size-thumbnail\" alt=\"\" \/><\/a>\n\t\t\t<\/dt><\/dl><dl class='gallery-item'>\n\t\t\t<dt class='gallery-icon portrait'>\n\t\t\t\t<a href='https:\/\/lumikukka.de\/wp-content\/uploads\/2013\/10\/20131020-124039-DSC_9609.jpg'><img loading=\"lazy\" decoding=\"async\" width=\"150\" height=\"150\" src=\"https:\/\/lumikukka.de\/wp-content\/uploads\/2013\/10\/20131020-124039-DSC_9609-150x150.jpg\" class=\"attachment-thumbnail size-thumbnail\" alt=\"\" \/><\/a>\n\t\t\t<\/dt><\/dl><dl class='gallery-item'>\n\t\t\t<dt class='gallery-icon portrait'>\n\t\t\t\t<a href='https:\/\/lumikukka.de\/wp-content\/uploads\/2013\/10\/20131020-125413-DSC_9610.jpg'><img loading=\"lazy\" decoding=\"async\" width=\"150\" height=\"150\" src=\"https:\/\/lumikukka.de\/wp-content\/uploads\/2013\/10\/20131020-125413-DSC_9610-150x150.jpg\" class=\"attachment-thumbnail size-thumbnail\" alt=\"\" \/><\/a>\n\t\t\t<\/dt><\/dl><dl class='gallery-item'>\n\t\t\t<dt class='gallery-icon landscape'>\n\t\t\t\t<a href='https:\/\/lumikukka.de\/wp-content\/uploads\/2013\/10\/20131020-125932-DSC_9614.jpg'><img loading=\"lazy\" decoding=\"async\" width=\"150\" height=\"150\" src=\"https:\/\/lumikukka.de\/wp-content\/uploads\/2013\/10\/20131020-125932-DSC_9614-150x150.jpg\" class=\"attachment-thumbnail size-thumbnail\" alt=\"\" \/><\/a>\n\t\t\t<\/dt><\/dl><br style=\"clear: both\" \/><dl class='gallery-item'>\n\t\t\t<dt class='gallery-icon landscape'>\n\t\t\t\t<a href='https:\/\/lumikukka.de\/wp-content\/uploads\/2013\/10\/20131020-125947-DSC_9615.jpg'><img loading=\"lazy\" decoding=\"async\" width=\"150\" height=\"150\" src=\"https:\/\/lumikukka.de\/wp-content\/uploads\/2013\/10\/20131020-125947-DSC_9615-150x150.jpg\" class=\"attachment-thumbnail size-thumbnail\" alt=\"\" \/><\/a>\n\t\t\t<\/dt><\/dl><dl class='gallery-item'>\n\t\t\t<dt class='gallery-icon landscape'>\n\t\t\t\t<a href='https:\/\/lumikukka.de\/wp-content\/uploads\/2013\/10\/20131020-130022-DSC_9617.jpg'><img loading=\"lazy\" decoding=\"async\" width=\"150\" height=\"150\" src=\"https:\/\/lumikukka.de\/wp-content\/uploads\/2013\/10\/20131020-130022-DSC_9617-150x150.jpg\" class=\"attachment-thumbnail size-thumbnail\" alt=\"\" \/><\/a>\n\t\t\t<\/dt><\/dl><dl class='gallery-item'>\n\t\t\t<dt class='gallery-icon landscape'>\n\t\t\t\t<a href='https:\/\/lumikukka.de\/wp-content\/uploads\/2013\/10\/20131020-130705-DSC_9620.jpg'><img loading=\"lazy\" decoding=\"async\" width=\"150\" height=\"150\" src=\"https:\/\/lumikukka.de\/wp-content\/uploads\/2013\/10\/20131020-130705-DSC_9620-150x150.jpg\" class=\"attachment-thumbnail size-thumbnail\" alt=\"\" \/><\/a>\n\t\t\t<\/dt><\/dl><dl class='gallery-item'>\n\t\t\t<dt class='gallery-icon landscape'>\n\t\t\t\t<a href='https:\/\/lumikukka.de\/wp-content\/uploads\/2013\/10\/20131020-131622-DSC_9622.jpg'><img loading=\"lazy\" decoding=\"async\" width=\"150\" height=\"150\" src=\"https:\/\/lumikukka.de\/wp-content\/uploads\/2013\/10\/20131020-131622-DSC_9622-150x150.jpg\" class=\"attachment-thumbnail size-thumbnail\" alt=\"\" \/><\/a>\n\t\t\t<\/dt><\/dl><dl class='gallery-item'>\n\t\t\t<dt class='gallery-icon landscape'>\n\t\t\t\t<a href='https:\/\/lumikukka.de\/wp-content\/uploads\/2013\/10\/20131020-143344-DSC_9627.jpg'><img loading=\"lazy\" decoding=\"async\" width=\"150\" height=\"150\" src=\"https:\/\/lumikukka.de\/wp-content\/uploads\/2013\/10\/20131020-143344-DSC_9627-150x150.jpg\" class=\"attachment-thumbnail size-thumbnail\" alt=\"\" \/><\/a>\n\t\t\t<\/dt><\/dl><br style=\"clear: both\" \/><dl class='gallery-item'>\n\t\t\t<dt class='gallery-icon landscape'>\n\t\t\t\t<a href='https:\/\/lumikukka.de\/wp-content\/uploads\/2013\/10\/20131020-150720-DSC_9629.jpg'><img loading=\"lazy\" decoding=\"async\" width=\"150\" height=\"150\" src=\"https:\/\/lumikukka.de\/wp-content\/uploads\/2013\/10\/20131020-150720-DSC_9629-150x150.jpg\" class=\"attachment-thumbnail size-thumbnail\" alt=\"\" \/><\/a>\n\t\t\t<\/dt><\/dl><dl class='gallery-item'>\n\t\t\t<dt class='gallery-icon portrait'>\n\t\t\t\t<a href='https:\/\/lumikukka.de\/wp-content\/uploads\/2013\/10\/20131020-150928-DSC_9633.jpg'><img loading=\"lazy\" decoding=\"async\" width=\"150\" height=\"150\" src=\"https:\/\/lumikukka.de\/wp-content\/uploads\/2013\/10\/20131020-150928-DSC_9633-150x150.jpg\" class=\"attachment-thumbnail size-thumbnail\" alt=\"\" \/><\/a>\n\t\t\t<\/dt><\/dl><dl class='gallery-item'>\n\t\t\t<dt class='gallery-icon portrait'>\n\t\t\t\t<a href='https:\/\/lumikukka.de\/wp-content\/uploads\/2013\/10\/20131020-152352-DSC_9635.jpg'><img loading=\"lazy\" decoding=\"async\" width=\"150\" height=\"150\" src=\"https:\/\/lumikukka.de\/wp-content\/uploads\/2013\/10\/20131020-152352-DSC_9635-150x150.jpg\" class=\"attachment-thumbnail size-thumbnail\" alt=\"\" \/><\/a>\n\t\t\t<\/dt><\/dl><dl class='gallery-item'>\n\t\t\t<dt class='gallery-icon landscape'>\n\t\t\t\t<a href='https:\/\/lumikukka.de\/wp-content\/uploads\/2013\/10\/20131020-152402-DSC_9636.jpg'><img loading=\"lazy\" decoding=\"async\" width=\"150\" height=\"150\" src=\"https:\/\/lumikukka.de\/wp-content\/uploads\/2013\/10\/20131020-152402-DSC_9636-150x150.jpg\" class=\"attachment-thumbnail size-thumbnail\" alt=\"\" \/><\/a>\n\t\t\t<\/dt><\/dl>\n\t\t\t<br style='clear: both' \/>\n\t\t<\/div>\n\n","protected":false},"excerpt":{"rendered":"<p>Mitte Oktober machen wir uns auf zur n\u00e4chsten Rheinsteigwanderung. Wir treffen uns mit Martin in R\u00fcdesheim, was wir noch nie so menschenleer gesehen haben. Wir fahren weiter nach Lorch &#8211; dort startet unsere Etappe \u00fcber ca. 20km zur\u00fcck nach R\u00fcdesheim. &hellip; <a href=\"https:\/\/lumikukka.de\/?page_id=908\">Weiterlesen <span class=\"meta-nav\">&rarr;<\/span><\/a><\/p>\n","protected":false},"author":2,"featured_media":0,"parent":2,"menu_order":0,"comment_status":"open","ping_status":"open","template":"","meta":{"footnotes":""},"class_list":["post-908","page","type-page","status-publish","hentry"],"_links":{"self":[{"href":"https:\/\/lumikukka.de\/index.php?rest_route=\/wp\/v2\/pages\/908","targetHints":{"allow":["GET"]}}],"collection":[{"href":"https:\/\/lumikukka.de\/index.php?rest_route=\/wp\/v2\/pages"}],"about":[{"href":"https:\/\/lumikukka.de\/index.php?rest_route=\/wp\/v2\/types\/page"}],"author":[{"embeddable":true,"href":"https:\/\/lumikukka.de\/index.php?rest_route=\/wp\/v2\/users\/2"}],"replies":[{"embeddable":true,"href":"https:\/\/lumikukka.de\/index.php?rest_route=%2Fwp%2Fv2%2Fcomments&post=908"}],"version-history":[{"count":3,"href":"https:\/\/lumikukka.de\/index.php?rest_route=\/wp\/v2\/pages\/908\/revisions"}],"predecessor-version":[{"id":961,"href":"https:\/\/lumikukka.de\/index.php?rest_route=\/wp\/v2\/pages\/908\/revisions\/961"}],"up":[{"embeddable":true,"href":"https:\/\/lumikukka.de\/index.php?rest_route=\/wp\/v2\/pages\/2"}],"wp:attachment":[{"href":"https:\/\/lumikukka.de\/index.php?rest_route=%2Fwp%2Fv2%2Fmedia&parent=908"}],"curies":[{"name":"wp","href":"https:\/\/api.w.org\/{rel}","templated":true}]}}